{"id":26941,"date":"2023-05-23T18:03:01","date_gmt":"2023-05-23T18:03:01","guid":{"rendered":"https:\/\/integritybc.org\/?page_id=26941"},"modified":"2024-07-06T23:50:40","modified_gmt":"2024-07-06T23:50:40","slug":"consultoria-de-negocios","status":"publish","type":"page","link":"https:\/\/integritybc.org\/?page_id=26941","title":{"rendered":"Emprendimientos de negocios"},"content":{"rendered":"\n<div class=\"wp-block-cover\" style=\"min-height:600px;aspect-ratio:unset;aspect-ratio:unset;\"><span aria-hidden=\"true\" class=\"wp-block-cover__background has-background-dim\"><\/span><img fetchpriority=\"high\" decoding=\"async\" width=\"870\" height=\"580\" class=\"wp-block-cover__image-background wp-image-26771\" alt=\"\" src=\"http:\/\/integritybc.org\/wp-content\/uploads\/2023\/05\/Portada.jpg\" data-object-fit=\"cover\" srcset=\"https:\/\/integritybc.org\/wp-content\/uploads\/2023\/05\/Portada.jpg 870w, https:\/\/integritybc.org\/wp-content\/uploads\/2023\/05\/Portada-300x200.jpg 300w, https:\/\/integritybc.org\/wp-content\/uploads\/2023\/05\/Portada-768x512.jpg 768w\" sizes=\"(max-width: 870px) 100vw, 870px\" \/><div class=\"wp-block-cover__inner-container is-layout-constrained wp-container-core-cover-is-layout-1 wp-block-cover-is-layout-constrained\">\n<p class=\"has-text-align-center has-large-font-size\"><img decoding=\"async\" width=\"150\" height=\"150\" class=\"wp-image-26782\" style=\"width: 150px;\" src=\"http:\/\/integritybc.org\/wp-content\/uploads\/2023\/05\/Logo-transparente.png\" alt=\"\" srcset=\"https:\/\/integritybc.org\/wp-content\/uploads\/2023\/05\/Logo-transparente.png 200w, https:\/\/integritybc.org\/wp-content\/uploads\/2023\/05\/Logo-transparente-150x150.png 150w\" sizes=\"(max-width: 150px) 100vw, 150px\" \/><\/p>\n\n\n\n<h2 class=\"wp-block-heading\"><\/h2>\n\n\n\n<h2 class=\"wp-block-heading\"><\/h2>\n\n\n\n<p class=\"has-ast-global-color-5-color has-midnight-gradient-background has-text-color has-background has-small-font-size\">Es una organizaci\u00f3n sin fines de lucro, creada y establecida en Los Angeles, California con estatus 501 (c) (3), exenta de impuestos, desde el 23 de enero del 2023.<br>Integrity BC est\u00e1 dedicada a librar a la sociedad de sus epidemias sociales mas devastadoras: drogas, crimen, p\u00e9rdida de valores y dificultades en el estudio, a trav\u00e9s de m\u00e9todos efectivos, sencillos y funcionales, que cualquier persona puede aprender y usarlos en su vida.<\/p>\n<\/div><\/div>\n\n\n\n<div class=\"wp-block-columns has-black-color has-ast-global-color-5-background-color has-text-color has-background is-layout-flex wp-container-core-columns-is-layout-1 wp-block-columns-is-layout-flex\">\n<div class=\"wp-block-column is-layout-flow wp-block-column-is-layout-flow\" style=\"flex-basis:25%\"><\/div>\n\n\n\n<div class=\"wp-block-column is-layout-flow wp-block-column-is-layout-flow\" style=\"flex-basis:50%\">\n<h5 class=\"wp-block-heading has-text-align-center has-black-color has-text-color\">Integrity BC, naci\u00f3 adem\u00e1s para ayudar a empresarios, emprendedores o due\u00f1os de negocios en sus deseos de superaci\u00f3n, estabilidad y expansi\u00f3n de sus empresas y de sus sue\u00f1os.<\/h5>\n<\/div>\n\n\n\n<div class=\"wp-block-column is-layout-flow wp-block-column-is-layout-flow\" style=\"flex-basis:25%\"><\/div>\n<\/div>\n\n\n\n<h2 class=\"wp-block-heading has-text-align-center has-luminous-vivid-amber-to-luminous-vivid-orange-gradient-background has-background\">Business Consulting<\/h2>\n\n\n\n<div class=\"wp-block-columns is-layout-flex wp-container-core-columns-is-layout-3 wp-block-columns-is-layout-flex\">\n<div class=\"wp-block-column is-layout-flow wp-block-column-is-layout-flow\" style=\"flex-basis:15%\"><\/div>\n\n\n\n<div class=\"wp-block-column is-layout-flow wp-block-column-is-layout-flow\" style=\"flex-basis:90%\">\n<div class=\"wp-block-columns is-layout-flex wp-container-core-columns-is-layout-2 wp-block-columns-is-layout-flex\">\n<div class=\"wp-block-column is-layout-flow wp-block-column-is-layout-flow\" style=\"flex-basis:66.66%\">\n<figure class=\"wp-block-image size-full is-resized\"><img decoding=\"async\" src=\"http:\/\/integritybc.org\/wp-content\/uploads\/2023\/05\/1-1.png\" alt=\"\" class=\"wp-image-26942\" width=\"524\" height=\"308\" srcset=\"https:\/\/integritybc.org\/wp-content\/uploads\/2023\/05\/1-1.png 699w, https:\/\/integritybc.org\/wp-content\/uploads\/2023\/05\/1-1-300x176.png 300w\" sizes=\"(max-width: 524px) 100vw, 524px\" \/><\/figure>\n<\/div>\n\n\n\n<div class=\"wp-block-column is-layout-flow wp-block-column-is-layout-flow\" style=\"flex-basis:33.33%\">\n<figure class=\"wp-block-image aligncenter size-full\"><img loading=\"lazy\" decoding=\"async\" width=\"540\" height=\"540\" src=\"https:\/\/integritybc.org\/wp-content\/uploads\/2023\/05\/13.jpg\" alt=\"\" class=\"wp-image-27265\" srcset=\"https:\/\/integritybc.org\/wp-content\/uploads\/2023\/05\/13.jpg 540w, https:\/\/integritybc.org\/wp-content\/uploads\/2023\/05\/13-300x300.jpg 300w, https:\/\/integritybc.org\/wp-content\/uploads\/2023\/05\/13-150x150.jpg 150w\" sizes=\"(max-width: 540px) 100vw, 540px\" \/><\/figure>\n<\/div>\n<\/div>\n<\/div>\n\n\n\n<div class=\"wp-block-column is-layout-flow wp-block-column-is-layout-flow\" style=\"flex-basis:15%\"><\/div>\n<\/div>\n\n\n\n<p class=\"has-ast-global-color-4-color has-text-color\">.<\/p>\n\n\n\n<div class=\"wp-block-columns is-layout-flex wp-container-core-columns-is-layout-5 wp-block-columns-is-layout-flex\">\n<div class=\"wp-block-column is-layout-flow wp-block-column-is-layout-flow\" style=\"flex-basis:15%\"><\/div>\n\n\n\n<div class=\"wp-block-column is-layout-flow wp-block-column-is-layout-flow\" style=\"flex-basis:90%\">\n<div class=\"wp-block-columns is-layout-flex wp-container-core-columns-is-layout-4 wp-block-columns-is-layout-flex\">\n<div class=\"wp-block-column is-layout-flow wp-block-column-is-layout-flow\" style=\"flex-basis:66.66%\">\n<figure class=\"wp-block-image size-full is-resized\"><img loading=\"lazy\" decoding=\"async\" src=\"http:\/\/integritybc.org\/wp-content\/uploads\/2023\/05\/2.jpg\" alt=\"\" class=\"wp-image-26944\" width=\"524\" height=\"308\" srcset=\"https:\/\/integritybc.org\/wp-content\/uploads\/2023\/05\/2.jpg 698w, https:\/\/integritybc.org\/wp-content\/uploads\/2023\/05\/2-300x176.jpg 300w\" sizes=\"(max-width: 524px) 100vw, 524px\" \/><\/figure>\n<\/div>\n\n\n\n<div class=\"wp-block-column is-layout-flow wp-block-column-is-layout-flow\" style=\"flex-basis:33.33%\">\n<figure class=\"wp-block-image aligncenter size-full\"><img loading=\"lazy\" decoding=\"async\" width=\"540\" height=\"540\" src=\"https:\/\/integritybc.org\/wp-content\/uploads\/2023\/05\/14-1.jpg\" alt=\"\" class=\"wp-image-27267\" srcset=\"https:\/\/integritybc.org\/wp-content\/uploads\/2023\/05\/14-1.jpg 540w, https:\/\/integritybc.org\/wp-content\/uploads\/2023\/05\/14-1-300x300.jpg 300w, https:\/\/integritybc.org\/wp-content\/uploads\/2023\/05\/14-1-150x150.jpg 150w\" sizes=\"(max-width: 540px) 100vw, 540px\" \/><\/figure>\n<\/div>\n<\/div>\n<\/div>\n\n\n\n<div class=\"wp-block-column is-layout-flow wp-block-column-is-layout-flow\" style=\"flex-basis:15%\"><\/div>\n<\/div>\n\n\n\n<p class=\"has-ast-global-color-4-color has-text-color\">.<\/p>\n\n\n\n<div class=\"wp-block-columns is-layout-flex wp-container-core-columns-is-layout-7 wp-block-columns-is-layout-flex\">\n<div class=\"wp-block-column is-layout-flow wp-block-column-is-layout-flow\" style=\"flex-basis:10%\"><\/div>\n\n\n\n<div class=\"wp-block-column is-layout-flow wp-block-column-is-layout-flow\" style=\"flex-basis:90%\">\n<div class=\"wp-block-columns is-layout-flex wp-container-core-columns-is-layout-6 wp-block-columns-is-layout-flex\">\n<div class=\"wp-block-column has-background is-layout-flow wp-block-column-is-layout-flow\" style=\"background:linear-gradient(5deg,rgb(2,3,129) 0%,rgb(40,116,252) 100%);flex-basis:50%\">\n<h4 class=\"wp-block-heading has-ast-global-color-5-color has-midnight-gradient-background has-text-color has-background\"><strong>CONSULTORIA<br>EMPRESARIAL<br>EN LOS<br>NEGOCIOS.<\/strong><\/h4>\n\n\n\n<figure class=\"wp-block-image aligncenter size-full\"><img loading=\"lazy\" decoding=\"async\" width=\"200\" height=\"200\" src=\"http:\/\/integritybc.org\/wp-content\/uploads\/2023\/05\/Logo-transparente.png\" alt=\"\" class=\"wp-image-26782\" srcset=\"https:\/\/integritybc.org\/wp-content\/uploads\/2023\/05\/Logo-transparente.png 200w, https:\/\/integritybc.org\/wp-content\/uploads\/2023\/05\/Logo-transparente-150x150.png 150w\" sizes=\"(max-width: 200px) 100vw, 200px\" \/><\/figure>\n\n\n\n<h4 class=\"wp-block-heading has-ast-global-color-5-color has-midnight-gradient-background has-text-color has-background\">\u2022 FINANZAS<br>\u2022 SERVICIO AL\u00a0 \u00a0 CLIENTE<br>\u2022 VENTAS<br>\u2022 MARKETING<br>\u2022 RELACIONES P\u00daBLICAS<br>\u2022 DESARROLLO ORGANIZACIONAL<br>\u2022 LIDERAZGO<br>\u2022 FUNDAMENTOS EJECUTIVOS<br>\u2022 \u00c9TICA EN LOS NEGOCIOS<br>\u2022 C\u00d3MO MEJORAR LAS<br>\u00a0 RELACIONES CON LOS<br>\u00a0 DEM\u00c1S<br>\u2022 MEJORANDO LOS NEGOCIOS\u00a0 A\u00a0TRAV\u00c9S  DE LA   COMUNICACI\u00d3N<\/h4>\n<\/div>\n\n\n\n<div class=\"wp-block-column is-layout-flow wp-block-column-is-layout-flow\" style=\"flex-basis:50%\">\n<figure class=\"wp-block-table\"><table><tbody><tr><td><\/td><td class=\"has-text-align-center\" data-align=\"center\"><strong>CONSULTOR\u00cdA DE NEGOCIOS<\/strong><\/td><td><\/td><\/tr><tr><td><\/td><td class=\"has-text-align-center\" data-align=\"center\">Hay un camino para incrementar la PRODUCTIVIDAD, aumentar la RENTABILIDAD y reducir el STRESS en el lugar de trabajo o en su empresa.<br>Una vez que usted identifique cuales son las \u00e1reas en el negocio, que necesitan ser mejoradas, usted podr\u00e1 luego hacer los pasos para solucionar dichas \u00e1reas.<br>\u00bfCu\u00e1les son las principales \u00e1reas con problemas en tu negocios?<br>\u00bfCu\u00e1les \u00e1reas requieren tu constante atenci\u00f3n?<br>\u00bfQue debe abordarse primero para aumentar el rendimiento?<br>Una de las principales preocupaciones en las empresas, es que simplemente no tienen suficientes ejecutivos competentes y experimentados. Es decir, los negocios est\u00e1n teniendo dificultades para reclutar el tipo de personas que buscan.<br>A veces contratas a alguien con un buen curr\u00edculo y por que crees que tiene ganas de lograr muchas cosas y resulta que a los pocos meses te das cuenta que no era la persona que buscabas?<br>\u00bfHa ocurrido en tu empresa que la persona a quien capacitaste para ese puesto, que era ideal para ella, simplemente no funcion\u00f3, con la consecuente p\u00e9rdida de tiempo y dinero para la empresa?<br>Al tener los conocimientos adecuados para poder seleccionar y contratar al personal id\u00f3neo, podr\u00e1s lograr que tu negocios mejore y aumente su producci\u00f3n con un m\u00ednimo de p\u00e9rdidas.<br>Integrity BC, entrega seminarios \u2013 talleres y consultor\u00eda de negocios para emprendedores que deseen iniciar su propio negocios, para peque\u00f1as, medianas y grandes empresas o compa\u00f1\u00edas internacionales, y as\u00ed mejorar su producci\u00f3n e implementar un Sistema Organizacional \u00fanico en el mundo empresarial de tal manera que llevar un negocios y expandirlo sea algo sencillo y placentero.<\/td><td><\/td><\/tr><\/tbody><\/table><\/figure>\n<\/div>\n<\/div>\n<\/div>\n\n\n\n<div class=\"wp-block-column is-layout-flow wp-block-column-is-layout-flow\" style=\"flex-basis:10%\"><\/div>\n<\/div>\n\n\n\n<div class=\"wp-block-columns is-layout-flex wp-container-core-columns-is-layout-8 wp-block-columns-is-layout-flex\">\n<div class=\"wp-block-column is-layout-flow wp-block-column-is-layout-flow\" style=\"flex-basis:5%\"><\/div>\n\n\n\n<div class=\"wp-block-column is-layout-flow wp-block-column-is-layout-flow\" style=\"flex-basis:90%\"><\/div>\n\n\n\n<div class=\"wp-block-column is-layout-flow wp-block-column-is-layout-flow\" style=\"flex-basis:5%\"><\/div>\n<\/div>\n\n\n\n<p class=\"has-ast-global-color-5-background-color has-background\"><\/p>\n","protected":false},"excerpt":{"rendered":"<p>Integrity BC, naci\u00f3 adem\u00e1s para ayudar a empresarios, emprendedores o due\u00f1os de negocios en sus deseos de superaci\u00f3n, estabilidad y expansi\u00f3n de sus empresas y de sus sue\u00f1os. Business Consulting . . CONSULTORIAEMPRESARIALEN LOSNEGOCIOS. \u2022 FINANZAS\u2022 SERVICIO AL\u00a0 \u00a0 CLIENTE\u2022 VENTAS\u2022 MARKETING\u2022 RELACIONES P\u00daBLICAS\u2022 DESARROLLO ORGANIZACIONAL\u2022 LIDERAZGO\u2022 FUNDAMENTOS EJECUTIVOS\u2022 \u00c9TICA EN LOS NEGOCIOS\u2022 C\u00d3MO MEJORAR &hellip;<\/p>\n<p class=\"read-more\"> <a class=\"\" href=\"https:\/\/integritybc.org\/?page_id=26941\"> <span class=\"screen-reader-text\">Emprendimientos de negocios<\/span> Read More &raquo;<\/a><\/p>\n","protected":false},"author":1,"featured_media":0,"parent":0,"menu_order":0,"comment_status":"closed","ping_status":"closed","template":"","meta":{"advgb_blocks_editor_width":"","advgb_blocks_columns_visual_guide":"","site-sidebar-layout":"default","site-content-layout":"default","ast-global-header-display":"","ast-banner-title-visibility":"","ast-main-header-display":"","ast-hfb-above-header-display":"","ast-hfb-below-header-display":"","ast-hfb-mobile-header-display":"","site-post-title":"disabled","ast-breadcrumbs-content":"","ast-featured-img":"","footer-sml-layout":"","theme-transparent-header-meta":"","adv-header-id-meta":"","stick-header-meta":"","header-above-stick-meta":"","header-main-stick-meta":"","header-below-stick-meta":"","_joinchat":[],"footnotes":""},"class_list":["post-26941","page","type-page","status-publish","hentry"],"aioseo_notices":[],"coauthors":[],"author_meta":{"author_link":"https:\/\/integritybc.org\/?author=1","display_name":"robermayawebs"},"relative_dates":{"created":"Posted 3 years ago","modified":"Updated 2 years ago"},"absolute_dates":{"created":"Posted on May 23, 2023","modified":"Updated on July 6, 2024"},"absolute_dates_time":{"created":"Posted on May 23, 2023 6:03 pm","modified":"Updated on July 6, 2024 11:50 pm"},"featured_img_caption":"","featured_img":false,"series_order":"","_links":{"self":[{"href":"https:\/\/integritybc.org\/index.php?rest_route=\/wp\/v2\/pages\/26941","targetHints":{"allow":["GET"]}}],"collection":[{"href":"https:\/\/integritybc.org\/index.php?rest_route=\/wp\/v2\/pages"}],"about":[{"href":"https:\/\/integritybc.org\/index.php?rest_route=\/wp\/v2\/types\/page"}],"author":[{"embeddable":true,"href":"https:\/\/integritybc.org\/index.php?rest_route=\/wp\/v2\/users\/1"}],"replies":[{"embeddable":true,"href":"https:\/\/integritybc.org\/index.php?rest_route=%2Fwp%2Fv2%2Fcomments&post=26941"}],"version-history":[{"count":24,"href":"https:\/\/integritybc.org\/index.php?rest_route=\/wp\/v2\/pages\/26941\/revisions"}],"predecessor-version":[{"id":27539,"href":"https:\/\/integritybc.org\/index.php?rest_route=\/wp\/v2\/pages\/26941\/revisions\/27539"}],"wp:attachment":[{"href":"https:\/\/integritybc.org\/index.php?rest_route=%2Fwp%2Fv2%2Fmedia&parent=26941"}],"curies":[{"name":"wp","href":"https:\/\/api.w.org\/{rel}","templated":true}]}}