{"id":26973,"date":"2023-05-24T00:24:07","date_gmt":"2023-05-24T00:24:07","guid":{"rendered":"https:\/\/integritybc.org\/?page_id=26973"},"modified":"2026-04-02T23:36:30","modified_gmt":"2026-04-02T23:36:30","slug":"proyectos-sociales","status":"publish","type":"page","link":"https:\/\/integritybc.org\/?page_id=26973","title":{"rendered":"Ajedrez y Valores"},"content":{"rendered":"\t\t<div data-elementor-type=\"wp-page\" data-elementor-id=\"26973\" class=\"elementor elementor-26973\">\n\t\t\t\t<div class=\"elementor-element elementor-element-45d79bbf e-flex e-con-boxed e-con e-parent\" data-id=\"45d79bbf\" data-element_type=\"container\">\n\t\t\t\t\t<div class=\"e-con-inner\">\n\t\t\t\t<div class=\"elementor-element elementor-element-650dab70 elementor-widget elementor-widget-text-editor\" data-id=\"650dab70\" data-element_type=\"widget\" data-widget_type=\"text-editor.default\">\n\t\t\t\t<div class=\"elementor-widget-container\">\n\t\t\t<style>\/*! elementor - v3.23.0 - 25-07-2024 *\/\n.elementor-widget-text-editor.elementor-drop-cap-view-stacked .elementor-drop-cap{background-color:#69727d;color:#fff}.elementor-widget-text-editor.elementor-drop-cap-view-framed .elementor-drop-cap{color:#69727d;border:3px solid;background-color:transparent}.elementor-widget-text-editor:not(.elementor-drop-cap-view-default) .elementor-drop-cap{margin-top:8px}.elementor-widget-text-editor:not(.elementor-drop-cap-view-default) .elementor-drop-cap-letter{width:1em;height:1em}.elementor-widget-text-editor .elementor-drop-cap{float:left;text-align:center;line-height:1;font-size:50px}.elementor-widget-text-editor .elementor-drop-cap-letter{display:inline-block}<\/style>\t\t\t\t<p><!-- wp:cover {\"url\":\"http:\/\/integritybc.org\/wp-content\/uploads\/2023\/05\/Portada.jpg\",\"id\":26771,\"dimRatio\":50,\"minHeight\":600,\"minHeightUnit\":\"px\",\"layout\":{\"type\":\"constrained\",\"contentSize\":\"750px\",\"wideSize\":\"1200px\"}} --><\/p>\n<div class=\"wp-block-cover\" style=\"min-height: 600px;\">\n<p><img fetchpriority=\"high\" decoding=\"async\" width=\"870\" height=\"580\" class=\"wp-block-cover__image-background wp-image-26771\" src=\"http:\/\/integritybc.org\/wp-content\/uploads\/2023\/05\/Portada.jpg\" alt=\"\" data-object-fit=\"cover\" srcset=\"https:\/\/integritybc.org\/wp-content\/uploads\/2023\/05\/Portada.jpg 870w, https:\/\/integritybc.org\/wp-content\/uploads\/2023\/05\/Portada-300x200.jpg 300w, https:\/\/integritybc.org\/wp-content\/uploads\/2023\/05\/Portada-768x512.jpg 768w\" sizes=\"(max-width: 870px) 100vw, 870px\" \/><\/p>\n<div class=\"wp-block-cover__inner-container\">\n<p><!-- wp:paragraph {\"align\":\"center\",\"placeholder\":\"Write title\u2026\",\"fontSize\":\"x-large\"} --><\/p>\n<p class=\"has-text-align-center has-x-large-font-size\"><img decoding=\"async\" width=\"150\" height=\"150\" class=\"wp-image-26782\" style=\"width: 150px;\" src=\"http:\/\/integritybc.org\/wp-content\/uploads\/2023\/05\/Logo-transparente.png\" alt=\"\" srcset=\"https:\/\/integritybc.org\/wp-content\/uploads\/2023\/05\/Logo-transparente.png 200w, https:\/\/integritybc.org\/wp-content\/uploads\/2023\/05\/Logo-transparente-150x150.png 150w\" sizes=\"(max-width: 150px) 100vw, 150px\" \/><\/p>\n<p><!-- \/wp:paragraph --><!-- wp:heading --><\/p>\n<h2 class=\"wp-block-heading\">\u00a0<\/h2>\n<p><!-- \/wp:heading --><!-- wp:heading --><\/p>\n<h2 class=\"wp-block-heading\">\u00a0<\/h2>\n<p><!-- \/wp:heading --><!-- wp:paragraph {\"style\":{\"spacing\":{\"padding\":{\"top\":\"var:preset|spacing|20\",\"right\":\"var:preset|spacing|20\",\"bottom\":\"var:preset|spacing|20\",\"left\":\"var:preset|spacing|20\"}}},\"textColor\":\"ast-global-color-5\",\"gradient\":\"midnight\",\"fontSize\":\"small\"} --><\/p>\n<p class=\"has-ast-global-color-5-color has-midnight-gradient-background has-text-color has-background has-small-font-size\" style=\"padding: var(--wp--preset--spacing--20);\">Es una organizaci\u00f3n sin fines de lucro, creada y establecida en Los Angeles, California con estatus 501 (c) (3), exenta de impuestos, desde el 23 de enero del 2023.<br \/>Integrity BC est\u00e1 dedicada a librar a la sociedad de sus epidemias sociales mas devastadoras \u2013 drogas, crimen, p\u00e9rdida de valores y dificultades en el estudio, a trav\u00e9s de m\u00e9todos efectivos, sencillos y funcionales, que cualquier persona puede aprender y usarlos en su vida.<\/p>\n<p><!-- \/wp:paragraph --><\/p>\n<\/div>\n<\/div>\n<p><!-- \/wp:cover --><!-- wp:columns {\"backgroundColor\":\"ast-global-color-5\",\"textColor\":\"black\"} --><\/p>\n<div class=\"wp-block-columns has-black-color has-ast-global-color-5-background-color has-text-color has-background\">\n<p><!-- wp:column {\"width\":\"25%\"} --><\/p>\n<div class=\"wp-block-column\" style=\"flex-basis: 25%;\">\u00a0<\/div>\n<p><!-- \/wp:column --><!-- wp:column {\"width\":\"50%\"} --><\/p>\n<div class=\"wp-block-column\" style=\"flex-basis: 50%;\">\n<p><!-- wp:heading {\"level\":5,\"textColor\":\"black\"} --><\/p>\n<h5 class=\"wp-block-heading has-black-color has-text-color\">Integrity BC, naci\u00f3 adem\u00e1s para ayudar a empresarios, emprendedores o due\u00f1os de negocios en sus deseos de superaci\u00f3n, estabilidad y expansi\u00f3n de sus empresas y de sus sue\u00f1os.<\/h5>\n<p><!-- \/wp:heading --><\/p>\n<\/div>\n<p><!-- \/wp:column --><!-- wp:column {\"width\":\"25%\"} --><\/p>\n<div class=\"wp-block-column\" style=\"flex-basis: 25%;\">\u00a0<\/div>\n<p><!-- \/wp:column --><\/p>\n<\/div>\n<p><!-- \/wp:columns --><!-- wp:heading {\"textAlign\":\"center\",\"gradient\":\"luminous-vivid-amber-to-luminous-vivid-orange\"} --><\/p>\n<h2 class=\"wp-block-heading has-text-align-center has-luminous-vivid-amber-to-luminous-vivid-orange-gradient-background has-background\">Ajedrez y Fortalecimiento de los Valores Morales<\/h2>\n<div class=\"wp-block-columns has-ast-global-color-5-background-color has-background\">\n<h2>\u00a0<\/h2>\n<h1>\u00a0<\/h1>\n<blockquote>\n<p>\u00a0<\/p>\n<p><span style=\"color: var(--ast-global-color-2); font-size: 1.875rem; font-style: inherit; font-weight: inherit; text-align: var(--text-align); background-color: var(--ast-global-color-5);\">Los Valores Morales se pierden cada vez mas y es la causa principal de la delicuencia, de un comportamiento inadecuado, de la drogadicci\u00f3n, prostituci\u00f3n y criminalidad.<\/span><\/p>\n<p>\u00a0<\/p>\n<p>\u00a0<\/p>\n<\/blockquote>\n<pre>\u00a0<\/pre>\n<div class=\"wp-block-column\" style=\"flex-basis: 90%;\">\n<p><!-- wp:image {\"align\":\"center\",\"id\":26978,\"sizeSlug\":\"large\",\"linkDestination\":\"none\"} --><\/p>\n<figure class=\"wp-block-image aligncenter size-large\"><\/figure>\n<p><!-- \/wp:image --><!-- wp:image {\"align\":\"center\",\"id\":26983,\"sizeSlug\":\"full\",\"linkDestination\":\"none\"} --><\/p>\n<figure class=\"wp-block-image aligncenter size-full\"><\/figure>\n<p><!-- \/wp:image --><!-- wp:image {\"align\":\"center\",\"id\":26986,\"sizeSlug\":\"large\",\"linkDestination\":\"none\"} --><\/p>\n<figure class=\"wp-block-image aligncenter size-large\"><\/figure>\n<p><!-- \/wp:image --><!-- wp:image {\"align\":\"center\",\"id\":26989,\"sizeSlug\":\"large\",\"linkDestination\":\"none\"} --><\/p>\n<figure class=\"wp-block-image aligncenter size-large\"><\/figure>\n<p><!-- \/wp:image --><\/p>\n<\/div>\n<p><!-- \/wp:column --><!-- wp:column {\"width\":\"5%\"} --><\/p>\n<div class=\"wp-block-column\" style=\"flex-basis: 5%;\">\u00a0<\/div>\n<p><!-- \/wp:column --><\/p>\n<\/div>\n<p><!-- \/wp:columns --><!-- wp:paragraph {\"backgroundColor\":\"ast-global-color-5\"} --><\/p>\n<p class=\"has-ast-global-color-5-background-color has-background\">\u00a0<\/p>\n<p><!-- \/wp:paragraph --><\/p>\t\t\t\t\t\t<\/div>\n\t\t\t\t<\/div>\n\t\t\t\t\t<\/div>\n\t\t\t\t<\/div>\n\t\t<div class=\"elementor-element elementor-element-792cb4f e-grid e-con-boxed e-con e-parent\" data-id=\"792cb4f\" data-element_type=\"container\">\n\t\t\t\t\t<div class=\"e-con-inner\">\n\t\t\t\t<div class=\"elementor-element elementor-element-d381308 elementor-widget elementor-widget-image\" data-id=\"d381308\" data-element_type=\"widget\" data-widget_type=\"image.default\">\n\t\t\t\t<div class=\"elementor-widget-container\">\n\t\t\t<style>\/*! elementor - v3.23.0 - 25-07-2024 *\/\n.elementor-widget-image{text-align:center}.elementor-widget-image a{display:inline-block}.elementor-widget-image a img[src$=\".svg\"]{width:48px}.elementor-widget-image img{vertical-align:middle;display:inline-block}<\/style>\t\t\t\t\t\t\t\t\t\t<img decoding=\"async\" width=\"1024\" height=\"972\" src=\"https:\/\/integritybc.org\/wp-content\/uploads\/2026\/04\/PHOTO-2026-02-06-11-25-27-1024x972.jpg\" class=\"attachment-large size-large wp-image-28024\" alt=\"\" srcset=\"https:\/\/integritybc.org\/wp-content\/uploads\/2026\/04\/PHOTO-2026-02-06-11-25-27-1024x972.jpg 1024w, https:\/\/integritybc.org\/wp-content\/uploads\/2026\/04\/PHOTO-2026-02-06-11-25-27-300x285.jpg 300w, https:\/\/integritybc.org\/wp-content\/uploads\/2026\/04\/PHOTO-2026-02-06-11-25-27-768x729.jpg 768w, https:\/\/integritybc.org\/wp-content\/uploads\/2026\/04\/PHOTO-2026-02-06-11-25-27.jpg 1342w\" sizes=\"(max-width: 1024px) 100vw, 1024px\" \/>\t\t\t\t\t\t\t\t\t\t\t\t\t<\/div>\n\t\t\t\t<\/div>\n\t\t\t\t<div class=\"elementor-element elementor-element-c1043d6 elementor-widget elementor-widget-image\" data-id=\"c1043d6\" data-element_type=\"widget\" data-widget_type=\"image.default\">\n\t\t\t\t<div class=\"elementor-widget-container\">\n\t\t\t\t\t\t\t\t\t\t\t\t\t<img decoding=\"async\" src=\"http:\/\/integritybc.org\/wp-content\/uploads\/2026\/04\/VALORES-Y-AJEDREZ-1.mp4\" title=\"\" alt=\"\" loading=\"lazy\" \/>\t\t\t\t\t\t\t\t\t\t\t\t\t<\/div>\n\t\t\t\t<\/div>\n\t\t\t\t<div class=\"elementor-element elementor-element-720e506 elementor-widget elementor-widget-image\" data-id=\"720e506\" data-element_type=\"widget\" data-widget_type=\"image.default\">\n\t\t\t\t<div class=\"elementor-widget-container\">\n\t\t\t\t\t\t\t\t\t\t\t\t\t<img decoding=\"async\" src=\"http:\/\/integritybc.org\/wp-content\/uploads\/2026\/04\/Pro1webside-chess-1-2.pdf\" title=\"\" alt=\"\" loading=\"lazy\" \/>\t\t\t\t\t\t\t\t\t\t\t\t\t<\/div>\n\t\t\t\t<\/div>\n\t\t\t\t<div class=\"elementor-element elementor-element-904690e elementor-widget elementor-widget-image\" data-id=\"904690e\" data-element_type=\"widget\" data-widget_type=\"image.default\">\n\t\t\t\t<div class=\"elementor-widget-container\">\n\t\t\t\t\t\t\t\t\t\t\t\t\t<img decoding=\"async\" src=\"http:\/\/integritybc.org\/wp-content\/uploads\/2026\/04\/Pro2webside-chess-1-1.pdf\" title=\"\" alt=\"\" loading=\"lazy\" \/>\t\t\t\t\t\t\t\t\t\t\t\t\t<\/div>\n\t\t\t\t<\/div>\n\t\t\t\t\t<\/div>\n\t\t\t\t<\/div>\n\t\t\t\t<\/div>\n\t\t","protected":false},"excerpt":{"rendered":"<p>\u00a0 Integrity BC, naci\u00f3 adem\u00e1s para ayudar a empresarios, emprendedores o due\u00f1os de negocios en sus deseos de superaci\u00f3n, estabilidad y expansi\u00f3n de sus empresas y de sus sue\u00f1os. \u00a0 \u00a0 \u00a0<\/p>\n","protected":false},"author":1,"featured_media":0,"parent":0,"menu_order":0,"comment_status":"closed","ping_status":"closed","template":"","meta":{"advgb_blocks_editor_width":"","advgb_blocks_columns_visual_guide":"","site-sidebar-layout":"default","site-content-layout":"default","ast-global-header-display":"","ast-banner-title-visibility":"","ast-main-header-display":"","ast-hfb-above-header-display":"","ast-hfb-below-header-display":"","ast-hfb-mobile-header-display":"","site-post-title":"disabled","ast-breadcrumbs-content":"","ast-featured-img":"","footer-sml-layout":"","theme-transparent-header-meta":"","adv-header-id-meta":"","stick-header-meta":"","header-above-stick-meta":"","header-main-stick-meta":"","header-below-stick-meta":"","_joinchat":[],"footnotes":""},"class_list":["post-26973","page","type-page","status-publish","hentry"],"aioseo_notices":[],"coauthors":[],"author_meta":{"author_link":"https:\/\/integritybc.org\/?author=1","display_name":"robermayawebs"},"relative_dates":{"created":"Posted 3 years ago","modified":"Updated 1 month ago"},"absolute_dates":{"created":"Posted on May 24, 2023","modified":"Updated on April 2, 2026"},"absolute_dates_time":{"created":"Posted on May 24, 2023 12:24 am","modified":"Updated on April 2, 2026 11:36 pm"},"featured_img_caption":"","featured_img":false,"series_order":"","_links":{"self":[{"href":"https:\/\/integritybc.org\/index.php?rest_route=\/wp\/v2\/pages\/26973","targetHints":{"allow":["GET"]}}],"collection":[{"href":"https:\/\/integritybc.org\/index.php?rest_route=\/wp\/v2\/pages"}],"about":[{"href":"https:\/\/integritybc.org\/index.php?rest_route=\/wp\/v2\/types\/page"}],"author":[{"embeddable":true,"href":"https:\/\/integritybc.org\/index.php?rest_route=\/wp\/v2\/users\/1"}],"replies":[{"embeddable":true,"href":"https:\/\/integritybc.org\/index.php?rest_route=%2Fwp%2Fv2%2Fcomments&post=26973"}],"version-history":[{"count":16,"href":"https:\/\/integritybc.org\/index.php?rest_route=\/wp\/v2\/pages\/26973\/revisions"}],"predecessor-version":[{"id":28048,"href":"https:\/\/integritybc.org\/index.php?rest_route=\/wp\/v2\/pages\/26973\/revisions\/28048"}],"wp:attachment":[{"href":"https:\/\/integritybc.org\/index.php?rest_route=%2Fwp%2Fv2%2Fmedia&parent=26973"}],"curies":[{"name":"wp","href":"https:\/\/api.w.org\/{rel}","templated":true}]}}