{"id":26995,"date":"2023-05-24T00:55:07","date_gmt":"2023-05-24T00:55:07","guid":{"rendered":"https:\/\/integritybc.org\/?page_id=26995"},"modified":"2024-07-07T00:38:22","modified_gmt":"2024-07-07T00:38:22","slug":"proyectos-sociales-2","status":"publish","type":"page","link":"https:\/\/integritybc.org\/?page_id=26995","title":{"rendered":"Seminarios"},"content":{"rendered":"\n<div class=\"wp-block-cover\" style=\"min-height:600px;aspect-ratio:unset;aspect-ratio:unset;\"><span aria-hidden=\"true\" class=\"wp-block-cover__background has-background-dim\"><\/span><img fetchpriority=\"high\" decoding=\"async\" width=\"870\" height=\"580\" class=\"wp-block-cover__image-background wp-image-26771\" alt=\"\" src=\"http:\/\/integritybc.org\/wp-content\/uploads\/2023\/05\/Portada.jpg\" data-object-fit=\"cover\" srcset=\"https:\/\/integritybc.org\/wp-content\/uploads\/2023\/05\/Portada.jpg 870w, https:\/\/integritybc.org\/wp-content\/uploads\/2023\/05\/Portada-300x200.jpg 300w, https:\/\/integritybc.org\/wp-content\/uploads\/2023\/05\/Portada-768x512.jpg 768w\" sizes=\"(max-width: 870px) 100vw, 870px\" \/><div class=\"wp-block-cover__inner-container is-layout-constrained wp-container-core-cover-is-layout-1 wp-block-cover-is-layout-constrained\">\n<p class=\"has-text-align-center has-large-font-size\"><img decoding=\"async\" width=\"150\" height=\"150\" class=\"wp-image-26782\" style=\"width: 150px;\" src=\"http:\/\/integritybc.org\/wp-content\/uploads\/2023\/05\/Logo-transparente.png\" alt=\"\" srcset=\"https:\/\/integritybc.org\/wp-content\/uploads\/2023\/05\/Logo-transparente.png 200w, https:\/\/integritybc.org\/wp-content\/uploads\/2023\/05\/Logo-transparente-150x150.png 150w\" sizes=\"(max-width: 150px) 100vw, 150px\" \/><\/p>\n\n\n\n<h2 class=\"wp-block-heading\"><\/h2>\n\n\n\n<h2 class=\"wp-block-heading\"><\/h2>\n\n\n\n<p class=\"has-ast-global-color-5-color has-midnight-gradient-background has-text-color has-background has-small-font-size\">Es una organizaci\u00f3n sin fines de lucro, creada y establecida en Los Angeles, California con estatus 501 (c) (3), exenta de impuestos, desde el 23 de enero del 2023.<br>Integrity BC est\u00e1 dedicada a librar a la sociedad de sus epidemias sociales mas devastadoras: drogas, crimen, p\u00e9rdida de valores y dificultades en el estudio, a trav\u00e9s de m\u00e9todos efectivos, sencillos y funcionales, que cualquier persona puede aprender y usarlos en su vida.<\/p>\n<\/div><\/div>\n\n\n\n<div class=\"wp-block-columns has-black-color has-ast-global-color-5-background-color has-text-color has-background is-layout-flex wp-container-core-columns-is-layout-1 wp-block-columns-is-layout-flex\">\n<div class=\"wp-block-column is-layout-flow wp-block-column-is-layout-flow\" style=\"flex-basis:25%\"><\/div>\n\n\n\n<div class=\"wp-block-column is-layout-flow wp-block-column-is-layout-flow\" style=\"flex-basis:50%\">\n<h5 class=\"wp-block-heading has-text-align-center has-black-color has-text-color\">Integrity BC, naci\u00f3 adem\u00e1s para ayudar a empresarios, emprendedores o due\u00f1os de negocios en sus deseos de superaci\u00f3n, estabilidad y expansi\u00f3n de sus empresas y de sus sue\u00f1os.<\/h5>\n<\/div>\n\n\n\n<div class=\"wp-block-column is-layout-flow wp-block-column-is-layout-flow\" style=\"flex-basis:25%\"><\/div>\n<\/div>\n\n\n\n<h2 class=\"wp-block-heading has-text-align-center has-luminous-vivid-amber-to-luminous-vivid-orange-gradient-background has-background\">Seminarios de Educaci\u00f3n Empresarial<\/h2>\n\n\n\n<div class=\"wp-block-columns is-layout-flex wp-container-core-columns-is-layout-8 wp-block-columns-is-layout-flex\">\n<div class=\"wp-block-column is-layout-flow wp-block-column-is-layout-flow\" style=\"flex-basis:10%\"><\/div>\n\n\n\n<div class=\"wp-block-column is-layout-flow wp-block-column-is-layout-flow\" style=\"flex-basis:80%\">\n<div class=\"wp-block-columns is-layout-flex wp-container-core-columns-is-layout-7 wp-block-columns-is-layout-flex\">\n<div class=\"wp-block-column is-layout-flow wp-block-column-is-layout-flow\">\n<div class=\"wp-block-columns is-layout-flex wp-container-core-columns-is-layout-2 wp-block-columns-is-layout-flex\">\n<div class=\"wp-block-column is-layout-flow wp-block-column-is-layout-flow\">\n<h2 class=\"wp-block-heading has-ast-global-color-5-color has-midnight-gradient-background has-text-color has-background\">\u00c9TICA PERSONAL Y EMPRESARIAL<\/h2>\n\n\n\n<h3 class=\"wp-block-heading has-midnight-gradient-background has-text-color has-background has-medium-font-size\" style=\"color:#d9ca28\">&#8220;Puede decirse que la continuidad de una empresa, de sus empleados y sus lideres depende &#8230; completamente de la destreza, el entrenamiento y la integridad de aquellos que manejan las lineas administrativas&#8230;&#8221;                    <\/h3>\n\n\n\n<h3 class=\"wp-block-heading has-text-align-center has-midnight-gradient-background has-text-color has-background has-small-font-size\" style=\"color:#d9ca28\">(Hubbard Management System)<\/h3>\n<\/div>\n\n\n\n<div class=\"wp-block-column is-layout-flow wp-block-column-is-layout-flow\">\n<figure class=\"wp-block-image aligncenter size-full\"><img decoding=\"async\" width=\"451\" height=\"399\" src=\"http:\/\/integritybc.org\/wp-content\/uploads\/2023\/05\/1.jpeg\" alt=\"\" class=\"wp-image-26996\" srcset=\"https:\/\/integritybc.org\/wp-content\/uploads\/2023\/05\/1.jpeg 451w, https:\/\/integritybc.org\/wp-content\/uploads\/2023\/05\/1-300x265.jpeg 300w\" sizes=\"(max-width: 451px) 100vw, 451px\" \/><\/figure>\n<\/div>\n<\/div>\n\n\n\n<div class=\"wp-block-columns is-layout-flex wp-container-core-columns-is-layout-6 wp-block-columns-is-layout-flex\">\n<div class=\"wp-block-column has-small-font-size is-layout-flow wp-block-column-is-layout-flow\">\n<h3 class=\"wp-block-heading has-text-align-center has-ast-global-color-5-color has-midnight-gradient-background has-text-color has-background has-small-font-size\">Con el destacado miembro y Ejecutivo del Hubbard College of Administration International y Presidente &amp; CEO de Integrity BC.<\/h3>\n\n\n\n<p class=\"has-text-align-center has-ast-global-color-2-color has-luminous-vivid-amber-background-color has-text-color has-background has-small-font-size\"><strong><em>JOSE D. CARPIO<\/em><\/strong><\/p>\n\n\n\n<div class=\"wp-block-columns is-layout-flex wp-container-core-columns-is-layout-4 wp-block-columns-is-layout-flex\">\n<div class=\"wp-block-column has-midnight-gradient-background has-background is-layout-flow wp-block-column-is-layout-flow\">\n<div class=\"wp-block-columns is-layout-flex wp-container-core-columns-is-layout-3 wp-block-columns-is-layout-flex\">\n<div class=\"wp-block-column is-layout-flow wp-block-column-is-layout-flow\">\n<h5 class=\"wp-block-heading has-text-align-center has-luminous-vivid-amber-color has-text-color has-small-font-size\"><br>        &#8220;Estamos creando un gran crecimiento en las peque\u00f1as y medianas empresas, formando Ejecutivos Exitosos, quienes est\u00e1n eliminando la sobrecarga de trabajo y aumentando la producci\u00f3n en sus negocios&#8221;                                                                                                              <i>Jos\u00e9<\/i><em> D Carpio<\/em><\/h5>\n<\/div>\n<\/div>\n<\/div>\n<\/div>\n\n\n\n<div class=\"wp-block-columns is-layout-flex wp-container-core-columns-is-layout-5 wp-block-columns-is-layout-flex\">\n<div class=\"wp-block-column is-vertically-aligned-center has-midnight-gradient-background has-background is-layout-flow wp-block-column-is-layout-flow\">\n<figure class=\"wp-block-image aligncenter size-full is-resized\"><img loading=\"lazy\" decoding=\"async\" src=\"https:\/\/integritybc.org\/wp-content\/uploads\/2024\/07\/IMG_1251.jpeg\" alt=\"\" class=\"wp-image-27541\" width=\"291\" height=\"252\" srcset=\"https:\/\/integritybc.org\/wp-content\/uploads\/2024\/07\/IMG_1251.jpeg 514w, https:\/\/integritybc.org\/wp-content\/uploads\/2024\/07\/IMG_1251-300x260.jpeg 300w\" sizes=\"(max-width: 291px) 100vw, 291px\" \/><\/figure>\n<\/div>\n<\/div>\n<\/div>\n\n\n\n<div class=\"wp-block-column is-layout-flow wp-block-column-is-layout-flow\">\n<h6 class=\"wp-block-heading has-ast-global-color-5-color has-text-color has-background\" style=\"background:linear-gradient(23deg,rgba(6,147,227,1) 0%,rgb(155,81,224) 100%)\">DESDE HACE MUCHO, LA GENTE HA PREGONADO LA NECESIDAD DE VIVIR CONFORME A LOS PRINCIPIOS DE LA HONESTIDAD, LA COMPASI\u00d3N Y LA DECENCIA; LA INTEGRIDAD ES EL \u00daNICO CIMIENTO SOBRE EL QUE EST\u00c1 EDIFICADA LA VIDA MISMA.<\/h6>\n\n\n\n<p class=\"has-very-light-gray-to-cyan-bluish-gray-gradient-background has-background\">\u00bfC\u00f3mo Lograrlo? \u00bfQu\u00e9 es \u00c9tica y c\u00f3mo encontrar el camino de la racionalidad? \u00bfC\u00f3mo alcanzar, a trav\u00e9s de la \u00c9tica Personal, el \u00e9xito en el trabajo y con nuestros seres queridos? Las Din\u00e1micas de la Existencia, F\u00f3rmulas para el \u00c9xito en Los Negocios. \u00a1Logra un mejor entorno para ti, para tu familia y para tu grupo!.<\/p>\n\n\n\n<p class=\"has-background has-medium-font-size\" style=\"background:linear-gradient(319deg,rgb(238,238,238) 0%,rgb(169,184,195) 100%)\"><strong>&#8220;No son los sue\u00f1os del hombre los que les hacen fallar sino la falta de los conocimientos pr\u00e1cticos para llevar esos sue\u00f1os a la realidad&#8221;.<\/strong>                                                                               Hubbard Management System.<\/p>\n<\/div>\n<\/div>\n<\/div>\n<\/div>\n<\/div>\n\n\n\n<div class=\"wp-block-column is-layout-flow wp-block-column-is-layout-flow\" style=\"flex-basis:10%\"><\/div>\n<\/div>\n\n\n\n<p class=\"has-text-align-center has-ast-global-color-4-color has-text-color\">.<\/p>\n\n\n\n<div class=\"wp-block-columns is-layout-flex wp-container-core-columns-is-layout-9 wp-block-columns-is-layout-flex\">\n<div class=\"wp-block-column is-layout-flow wp-block-column-is-layout-flow\" style=\"flex-basis:25%\"><\/div>\n\n\n\n<div class=\"wp-block-column is-layout-flow wp-block-column-is-layout-flow\" style=\"flex-basis:50%\">\n<h3 class=\"wp-block-heading has-text-align-center has-ast-global-color-5-color has-midnight-gradient-background has-text-color has-background\">SEMINARIO &#8211; TALLER<br> &#8220;EMOCIONES EN EL LUGAR DE TRABAJO&#8221;<\/h3>\n<\/div>\n\n\n\n<div class=\"wp-block-column is-layout-flow wp-block-column-is-layout-flow\" style=\"flex-basis:25%\"><\/div>\n<\/div>\n\n\n\n<div class=\"wp-block-columns is-layout-flex wp-container-core-columns-is-layout-11 wp-block-columns-is-layout-flex\">\n<div class=\"wp-block-column is-layout-flow wp-block-column-is-layout-flow\" style=\"flex-basis:15%\"><\/div>\n\n\n\n<div class=\"wp-block-column is-layout-flow wp-block-column-is-layout-flow\" style=\"flex-basis:70%\">\n<figure class=\"wp-block-image aligncenter size-large\"><img decoding=\"async\" src=\"http:\/\/integritybc.org\/wp-content\/uploads\/2023\/05\/3-e1685303315138.jpeg\" alt=\"\"\/><\/figure>\n\n\n\n<div class=\"wp-block-columns is-layout-flex wp-container-core-columns-is-layout-10 wp-block-columns-is-layout-flex\">\n<div class=\"wp-block-column is-layout-flow wp-block-column-is-layout-flow\">\n<p class=\"has-ast-global-color-2-color has-text-color has-background\" style=\"background:linear-gradient(194deg,rgb(238,238,238) 0%,rgb(169,184,195) 100%)\">\u00bfDIFICULTADES CON SUS COMPA\u00d1EROS DE TRABAJO, CON SUS SUPERIORES O CLIENTES?, \u00bfDIFICULTADES CON SUS FAMILIARES O AMIGOS?<\/p>\n\n\n\n<p class=\"has-ast-global-color-2-color has-text-color has-background\" style=\"background:linear-gradient(195deg,rgb(238,238,238) 0%,rgb(169,184,195) 100%)\"><em>LAS EMOCIONES EN SU AMBIENTE LABORAL O EN SU HOGAR INCIDEN ENORMEMENTE AL TOMAR DECISIONES IMPORTANTES, AL VENDER UN PRODUCTO, AL CREAR UN GRUPO Y POR SUPUESTO EN LAS RELACIONES INTERPERSONALES.<\/em><\/p>\n\n\n\n<p class=\"has-background\" style=\"background:linear-gradient(8deg,rgb(238,238,238) 0%,rgb(169,184,195) 100%)\"><strong>APRENDA SOBRE LAS EMOCIONES<\/strong><\/p>\n\n\n\n<p class=\"has-background\" style=\"background:linear-gradient(8deg,rgb(238,238,238) 0%,rgb(169,184,195) 100%)\">YA C\u00d3MO PREDECIR EL COMPORTAMIENTO HUMANO<\/p>\n\n\n\n<p class=\"has-background\" style=\"background:linear-gradient(8deg,rgb(238,238,238) 0%,rgb(169,184,195) 100%)\">\u2022 \u00bfQU\u00c9 TAN EFICIENTE ES? \u00bfCU\u00c1LES SON SUS POTENCIALIDADES?<\/p>\n\n\n\n<p class=\"has-background\" style=\"background:linear-gradient(8deg,rgb(238,238,238) 0%,rgb(169,184,195) 100%)\">QUE LE IMPIDE AUMENTAR SUS CAPACIDADES Y MEJORAR SU TONO EMOCIONAL?<\/p>\n<\/div>\n<\/div>\n<\/div>\n\n\n\n<div class=\"wp-block-column is-layout-flow wp-block-column-is-layout-flow\" style=\"flex-basis:15%\"><\/div>\n<\/div>\n\n\n\n<div class=\"wp-block-columns has-ast-global-color-4-background-color has-background is-layout-flex wp-container-core-columns-is-layout-19 wp-block-columns-is-layout-flex\">\n<div class=\"wp-block-column is-layout-flow wp-block-column-is-layout-flow\" style=\"flex-basis:15%\"><\/div>\n\n\n\n<div class=\"wp-block-column is-layout-flow wp-block-column-is-layout-flow\" style=\"flex-basis:70%\">\n<div class=\"wp-block-columns is-layout-flex wp-container-core-columns-is-layout-12 wp-block-columns-is-layout-flex\">\n<div class=\"wp-block-column is-layout-flow wp-block-column-is-layout-flow\">\n<figure class=\"wp-block-image aligncenter size-full is-resized\"><img loading=\"lazy\" decoding=\"async\" src=\"http:\/\/integritybc.org\/wp-content\/uploads\/2023\/05\/03.jpeg\" alt=\"\" class=\"wp-image-27004\" width=\"346\" height=\"262\" srcset=\"https:\/\/integritybc.org\/wp-content\/uploads\/2023\/05\/03.jpeg 333w, https:\/\/integritybc.org\/wp-content\/uploads\/2023\/05\/03-300x227.jpeg 300w\" sizes=\"(max-width: 346px) 100vw, 346px\" \/><\/figure>\n<\/div>\n\n\n\n<div class=\"wp-block-column is-layout-flow wp-block-column-is-layout-flow\">\n<figure class=\"wp-block-image aligncenter size-full is-resized\"><img loading=\"lazy\" decoding=\"async\" src=\"http:\/\/integritybc.org\/wp-content\/uploads\/2023\/05\/5-1.jpeg\" alt=\"\" class=\"wp-image-27003\" width=\"342\" height=\"265\" srcset=\"https:\/\/integritybc.org\/wp-content\/uploads\/2023\/05\/5-1.jpeg 342w, https:\/\/integritybc.org\/wp-content\/uploads\/2023\/05\/5-1-300x232.jpeg 300w\" sizes=\"(max-width: 342px) 100vw, 342px\" \/><\/figure>\n<\/div>\n<\/div>\n\n\n\n<div class=\"wp-block-columns is-layout-flex wp-container-core-columns-is-layout-13 wp-block-columns-is-layout-flex\">\n<div class=\"wp-block-column is-layout-flow wp-block-column-is-layout-flow\">\n<figure class=\"wp-block-image aligncenter size-full\"><img loading=\"lazy\" decoding=\"async\" width=\"340\" height=\"454\" src=\"http:\/\/integritybc.org\/wp-content\/uploads\/2023\/05\/04-e1685011209201.jpeg\" alt=\"\" class=\"wp-image-27012\" srcset=\"https:\/\/integritybc.org\/wp-content\/uploads\/2023\/05\/04-e1685011209201.jpeg 340w, https:\/\/integritybc.org\/wp-content\/uploads\/2023\/05\/04-e1685011209201-225x300.jpeg 225w\" sizes=\"(max-width: 340px) 100vw, 340px\" \/><\/figure>\n<\/div>\n\n\n\n<div class=\"wp-block-column has-ast-global-color-4-background-color has-background is-layout-flow wp-block-column-is-layout-flow\">\n<figure class=\"wp-block-image aligncenter size-large\"><img decoding=\"async\" src=\"http:\/\/integritybc.org\/wp-content\/uploads\/2023\/05\/6-1-e1685011050273.jpeg\" alt=\"\"\/><\/figure>\n<\/div>\n<\/div>\n\n\n\n<div class=\"wp-block-columns is-layout-flex wp-container-core-columns-is-layout-14 wp-block-columns-is-layout-flex\">\n<div class=\"wp-block-column is-layout-flow wp-block-column-is-layout-flow\">\n<figure class=\"wp-block-image aligncenter size-large\"><img decoding=\"async\" src=\"http:\/\/integritybc.org\/wp-content\/uploads\/2023\/05\/05-e1685009564109.jpeg\" alt=\"\"\/><\/figure>\n<\/div>\n\n\n\n<div class=\"wp-block-column has-ast-global-color-4-background-color has-background is-layout-flow wp-block-column-is-layout-flow\">\n<figure class=\"wp-block-image aligncenter size-large\"><img decoding=\"async\" src=\"https:\/\/integritybc.org\/wp-content\/uploads\/2023\/05\/7.jpeg\" alt=\"\"\/><\/figure>\n<\/div>\n<\/div>\n\n\n\n<p class=\"has-ast-global-color-4-color has-text-color\">.<\/p>\n\n\n\n<h3 class=\"wp-block-heading has-text-align-center has-ast-global-color-5-color has-text-color has-background\" style=\"background:linear-gradient(356deg,rgb(2,3,129) 0%,rgb(40,116,252) 100%)\">Tlf.: (323) 799 3389 Email: jdCarpio@IntegrityBC.org<\/h3>\n\n\n\n<div class=\"wp-block-columns is-layout-flex wp-container-core-columns-is-layout-15 wp-block-columns-is-layout-flex\">\n<div class=\"wp-block-column is-layout-flow wp-block-column-is-layout-flow\"><\/div>\n\n\n\n<div class=\"wp-block-column is-layout-flow wp-block-column-is-layout-flow\"><\/div>\n<\/div>\n\n\n\n<div class=\"wp-block-columns is-layout-flex wp-container-core-columns-is-layout-16 wp-block-columns-is-layout-flex\">\n<div class=\"wp-block-column is-layout-flow wp-block-column-is-layout-flow\">\n<figure class=\"wp-block-image aligncenter size-large is-resized\"><img loading=\"lazy\" decoding=\"async\" src=\"http:\/\/integritybc.org\/wp-content\/uploads\/2023\/05\/55-e1685011493860.jpeg\" alt=\"\" width=\"349\" height=\"467\"\/><\/figure>\n<\/div>\n\n\n\n<div class=\"wp-block-column has-ast-global-color-4-background-color has-background is-layout-flow wp-block-column-is-layout-flow\">\n<figure class=\"wp-block-image aligncenter size-full is-resized\"><img loading=\"lazy\" decoding=\"async\" src=\"http:\/\/integritybc.org\/wp-content\/uploads\/2023\/05\/6-1.jpeg\" alt=\"\" class=\"wp-image-27009\" width=\"347\" height=\"467\"\/><\/figure>\n<\/div>\n<\/div>\n\n\n\n<div class=\"wp-block-columns is-layout-flex wp-container-core-columns-is-layout-17 wp-block-columns-is-layout-flex\">\n<div class=\"wp-block-column has-ast-global-color-4-background-color has-background is-layout-flow wp-block-column-is-layout-flow\">\n<figure class=\"wp-block-image aligncenter size-large\"><img decoding=\"async\" src=\"http:\/\/integritybc.org\/wp-content\/uploads\/2023\/05\/12-e1685012077178.jpeg\" alt=\"\"\/><\/figure>\n<\/div>\n\n\n\n<div class=\"wp-block-column has-ast-global-color-4-background-color has-background is-layout-flow wp-block-column-is-layout-flow\">\n<figure class=\"wp-block-image aligncenter size-large\"><img decoding=\"async\" src=\"http:\/\/integritybc.org\/wp-content\/uploads\/2023\/05\/13-e1685012146978.jpeg\" alt=\"\"\/><\/figure>\n<\/div>\n<\/div>\n\n\n\n<div class=\"wp-block-columns is-layout-flex wp-container-core-columns-is-layout-18 wp-block-columns-is-layout-flex\">\n<div class=\"wp-block-column has-ast-global-color-4-background-color has-background is-layout-flow wp-block-column-is-layout-flow\">\n<h3 class=\"wp-block-heading has-text-align-center has-ast-global-color-5-color has-luminous-vivid-amber-to-luminous-vivid-orange-gradient-background has-text-color has-background\">Tlf.: (323) 799 3389 Email: Admin@IntegrityBC.org<\/h3>\n\n\n\n<p>LA BUENA PLANIFICACI\u00d3N ES UNA DE LAS CURAS PARA EL TIEMPO DE PRODUCCI\u00d3N DESPERDICIADO. Y DETR\u00c1S DE TODA ACTIVIDAD EXITOSA Y LOGRO VALIOSO, HAY CIERTA FORMA DE PLANIFICACI\u00d3N.<\/p>\n\n\n\n<figure class=\"wp-block-image aligncenter size-full\"><img loading=\"lazy\" decoding=\"async\" width=\"660\" height=\"350\" src=\"https:\/\/integritybc.org\/wp-content\/uploads\/2023\/05\/15.jpeg\" alt=\"\" class=\"wp-image-27098\" srcset=\"https:\/\/integritybc.org\/wp-content\/uploads\/2023\/05\/15.jpeg 660w, https:\/\/integritybc.org\/wp-content\/uploads\/2023\/05\/15-300x159.jpeg 300w\" sizes=\"(max-width: 660px) 100vw, 660px\" \/><\/figure>\n\n\n\n<figure class=\"wp-block-image aligncenter size-full\"><img loading=\"lazy\" decoding=\"async\" width=\"652\" height=\"390\" src=\"https:\/\/integritybc.org\/wp-content\/uploads\/2023\/05\/16.jpeg\" alt=\"\" class=\"wp-image-27099\" srcset=\"https:\/\/integritybc.org\/wp-content\/uploads\/2023\/05\/16.jpeg 652w, https:\/\/integritybc.org\/wp-content\/uploads\/2023\/05\/16-300x179.jpeg 300w\" sizes=\"(max-width: 652px) 100vw, 652px\" \/><\/figure>\n\n\n\n<p class=\"has-very-light-gray-to-cyan-bluish-gray-gradient-background has-background\">LA BUENA PLANIFICACI\u00d3N ES UNA DE LAS CURAS PARA EL TIEMPO DE PRODUCCI\u00d3N DESPERDICIADO. Y DETR\u00c1S DE TODA ACTIVIDAD EXITOSA Y LOGRO VALIOSO, HAY CIERTA FORMA DE PLANIFICACI\u00d3N.<\/p>\n\n\n\n<p class=\"has-very-light-gray-to-cyan-bluish-gray-gradient-background has-background\"><strong>C\u00d3MO PLANIFICAR LOS PASOS PARA LOGRAR TUS PRODUCTOS O METAS EN EL TIEMPO MAS CORTO POSIBLE.<\/strong><\/p>\n\n\n\n<h3 class=\"wp-block-heading has-text-align-center has-ast-global-color-5-color has-text-color has-background\" style=\"background:linear-gradient(293deg,rgb(2,3,129) 0%,rgb(40,116,252) 100%)\">Tlf.: (323) 799 3389 Email: Admin@IntegrityBC.org<\/h3>\n<\/div>\n<\/div>\n<\/div>\n\n\n\n<div class=\"wp-block-column is-layout-flow wp-block-column-is-layout-flow\" style=\"flex-basis:15%\"><\/div>\n<\/div>\n\n\n\n<hr class=\"wp-block-separator has-alpha-channel-opacity\"\/>\n\n\n\n<p class=\"has-text-align-center\">\u00a92021- Integrity BC, Foundation For A Drug Free World y sus logos son marcas registradas y de servicios, y se usan con su autorizaci\u00f3n.<\/p>\n","protected":false},"excerpt":{"rendered":"<p>Integrity BC, naci\u00f3 adem\u00e1s para ayudar a empresarios, emprendedores o due\u00f1os de negocios en sus deseos de superaci\u00f3n, estabilidad y expansi\u00f3n de sus empresas y de sus sue\u00f1os. Seminarios de Educaci\u00f3n Empresarial \u00c9TICA PERSONAL Y EMPRESARIAL &#8220;Puede decirse que la continuidad de una empresa, de sus empleados y sus lideres depende &#8230; completamente de la &hellip;<\/p>\n<p class=\"read-more\"> <a class=\"\" href=\"https:\/\/integritybc.org\/?page_id=26995\"> <span class=\"screen-reader-text\">Seminarios<\/span> Read More &raquo;<\/a><\/p>\n","protected":false},"author":1,"featured_media":0,"parent":0,"menu_order":0,"comment_status":"closed","ping_status":"closed","template":"","meta":{"advgb_blocks_editor_width":"","advgb_blocks_columns_visual_guide":"","site-sidebar-layout":"default","site-content-layout":"default","ast-global-header-display":"","ast-banner-title-visibility":"","ast-main-header-display":"","ast-hfb-above-header-display":"","ast-hfb-below-header-display":"","ast-hfb-mobile-header-display":"","site-post-title":"disabled","ast-breadcrumbs-content":"","ast-featured-img":"","footer-sml-layout":"","theme-transparent-header-meta":"","adv-header-id-meta":"","stick-header-meta":"","header-above-stick-meta":"","header-main-stick-meta":"","header-below-stick-meta":"","_joinchat":[],"footnotes":""},"class_list":["post-26995","page","type-page","status-publish","hentry"],"aioseo_notices":[],"coauthors":[],"author_meta":{"author_link":"https:\/\/integritybc.org\/?author=1","display_name":"robermayawebs"},"relative_dates":{"created":"Posted 3 years ago","modified":"Updated 2 years ago"},"absolute_dates":{"created":"Posted on May 24, 2023","modified":"Updated on July 7, 2024"},"absolute_dates_time":{"created":"Posted on May 24, 2023 12:55 am","modified":"Updated on July 7, 2024 12:38 am"},"featured_img_caption":"","featured_img":false,"series_order":"","_links":{"self":[{"href":"https:\/\/integritybc.org\/index.php?rest_route=\/wp\/v2\/pages\/26995","targetHints":{"allow":["GET"]}}],"collection":[{"href":"https:\/\/integritybc.org\/index.php?rest_route=\/wp\/v2\/pages"}],"about":[{"href":"https:\/\/integritybc.org\/index.php?rest_route=\/wp\/v2\/types\/page"}],"author":[{"embeddable":true,"href":"https:\/\/integritybc.org\/index.php?rest_route=\/wp\/v2\/users\/1"}],"replies":[{"embeddable":true,"href":"https:\/\/integritybc.org\/index.php?rest_route=%2Fwp%2Fv2%2Fcomments&post=26995"}],"version-history":[{"count":79,"href":"https:\/\/integritybc.org\/index.php?rest_route=\/wp\/v2\/pages\/26995\/revisions"}],"predecessor-version":[{"id":27545,"href":"https:\/\/integritybc.org\/index.php?rest_route=\/wp\/v2\/pages\/26995\/revisions\/27545"}],"wp:attachment":[{"href":"https:\/\/integritybc.org\/index.php?rest_route=%2Fwp%2Fv2%2Fmedia&parent=26995"}],"curies":[{"name":"wp","href":"https:\/\/api.w.org\/{rel}","templated":true}]}}