{"id":27125,"date":"2023-05-25T12:17:24","date_gmt":"2023-05-25T12:17:24","guid":{"rendered":"https:\/\/integritybc.org\/?page_id=27125"},"modified":"2023-05-28T21:18:59","modified_gmt":"2023-05-28T21:18:59","slug":"seminario-de-educacion","status":"publish","type":"page","link":"https:\/\/integritybc.org\/?page_id=27125","title":{"rendered":"Seminario de educaci\u00f3n"},"content":{"rendered":"\n<div class=\"wp-block-cover\" style=\"min-height:600px;aspect-ratio:unset;aspect-ratio:unset;\"><span aria-hidden=\"true\" class=\"wp-block-cover__background has-background-dim\"><\/span><img fetchpriority=\"high\" decoding=\"async\" width=\"870\" height=\"580\" class=\"wp-block-cover__image-background wp-image-26771\" alt=\"\" src=\"http:\/\/integritybc.org\/wp-content\/uploads\/2023\/05\/Portada.jpg\" data-object-fit=\"cover\" srcset=\"https:\/\/integritybc.org\/wp-content\/uploads\/2023\/05\/Portada.jpg 870w, https:\/\/integritybc.org\/wp-content\/uploads\/2023\/05\/Portada-300x200.jpg 300w, https:\/\/integritybc.org\/wp-content\/uploads\/2023\/05\/Portada-768x512.jpg 768w\" sizes=\"(max-width: 870px) 100vw, 870px\" \/><div class=\"wp-block-cover__inner-container is-layout-constrained wp-container-core-cover-is-layout-1 wp-block-cover-is-layout-constrained\">\n<p class=\"has-text-align-center has-large-font-size\"><img decoding=\"async\" width=\"150\" height=\"150\" class=\"wp-image-26782\" style=\"width: 150px;\" src=\"http:\/\/integritybc.org\/wp-content\/uploads\/2023\/05\/Logo-transparente.png\" alt=\"\" srcset=\"https:\/\/integritybc.org\/wp-content\/uploads\/2023\/05\/Logo-transparente.png 200w, https:\/\/integritybc.org\/wp-content\/uploads\/2023\/05\/Logo-transparente-150x150.png 150w\" sizes=\"(max-width: 150px) 100vw, 150px\" \/><\/p>\n\n\n\n<h2 class=\"wp-block-heading\"><\/h2>\n\n\n\n<h2 class=\"wp-block-heading\"><\/h2>\n\n\n\n<p class=\"has-ast-global-color-5-color has-midnight-gradient-background has-text-color has-background\">Es una organizacion sin fines de lucro, creada y establecida en Los Angeles, California con estatus 501 (c) (3), desde el 23 de enero del 2023.<br>Integrity BC esta dedicada a librar a la Sociedad de sus epidemias sociales mas desvastadoras \u2013 drogas, crimen, perdidad de valores y dificultades en el estudio, a traves de metodos efectivos, sencillos y funcionales, que cualquier persona puede aprender y usarlos en su vida.<\/p>\n<\/div><\/div>\n\n\n\n<div class=\"wp-block-columns has-black-color has-ast-global-color-5-background-color has-text-color has-background is-layout-flex wp-container-core-columns-is-layout-1 wp-block-columns-is-layout-flex\">\n<div class=\"wp-block-column is-layout-flow wp-block-column-is-layout-flow\" style=\"flex-basis:25%\"><\/div>\n\n\n\n<div class=\"wp-block-column is-layout-flow wp-block-column-is-layout-flow\" style=\"flex-basis:50%\">\n<h5 class=\"wp-block-heading has-black-color has-text-color\">Integrity BC, nacio ademas para ayudar a empresarios, emprendedores o due\u00f1os de negocios en sus deseos de superacion, estabilidad y expansion de sus empresas y de sus sue\u00f1os.<\/h5>\n<\/div>\n\n\n\n<div class=\"wp-block-column is-layout-flow wp-block-column-is-layout-flow\" style=\"flex-basis:25%\"><\/div>\n<\/div>\n\n\n\n<h2 class=\"wp-block-heading has-text-align-center has-ast-global-color-5-color has-midnight-gradient-background has-text-color has-background\">Seminario De Educacion <\/h2>\n\n\n\n<div class=\"wp-block-columns is-layout-flex wp-container-core-columns-is-layout-2 wp-block-columns-is-layout-flex\">\n<div class=\"wp-block-column is-layout-flow wp-block-column-is-layout-flow\" style=\"flex-basis:10%\"><\/div>\n<\/div>\n\n\n\n<div class=\"wp-block-columns is-layout-flex wp-container-core-columns-is-layout-5 wp-block-columns-is-layout-flex\">\n<div class=\"wp-block-column is-layout-flow wp-block-column-is-layout-flow\" style=\"flex-basis:10%\"><\/div>\n\n\n\n<div class=\"wp-block-column is-layout-flow wp-block-column-is-layout-flow\" style=\"flex-basis:70%\">\n<div class=\"wp-block-columns is-layout-flex wp-container-core-columns-is-layout-4 wp-block-columns-is-layout-flex\">\n<div class=\"wp-block-column is-layout-flow wp-block-column-is-layout-flow\" style=\"flex-basis:80%\">\n<div class=\"wp-block-columns has-midnight-gradient-background has-background is-layout-flex wp-container-core-columns-is-layout-3 wp-block-columns-is-layout-flex\">\n<div class=\"wp-block-column is-layout-flow wp-block-column-is-layout-flow\">\n<figure class=\"wp-block-image aligncenter size-full\"><img decoding=\"async\" width=\"334\" height=\"549\" src=\"http:\/\/integritybc.org\/wp-content\/uploads\/2023\/05\/1-1.jpeg\" alt=\"\" class=\"wp-image-27127\" srcset=\"https:\/\/integritybc.org\/wp-content\/uploads\/2023\/05\/1-1.jpeg 334w, https:\/\/integritybc.org\/wp-content\/uploads\/2023\/05\/1-1-183x300.jpeg 183w\" sizes=\"(max-width: 334px) 100vw, 334px\" \/><\/figure>\n<\/div>\n\n\n\n<div class=\"wp-block-column is-vertically-aligned-center is-layout-flow wp-block-column-is-layout-flow\">\n<figure class=\"wp-block-image alignfull size-full\"><img loading=\"lazy\" decoding=\"async\" width=\"362\" height=\"228\" src=\"http:\/\/integritybc.org\/wp-content\/uploads\/2023\/05\/3-1.jpeg\" alt=\"\" class=\"wp-image-27128\" srcset=\"https:\/\/integritybc.org\/wp-content\/uploads\/2023\/05\/3-1.jpeg 362w, https:\/\/integritybc.org\/wp-content\/uploads\/2023\/05\/3-1-300x189.jpeg 300w\" sizes=\"(max-width: 362px) 100vw, 362px\" \/><\/figure>\n<\/div>\n<\/div>\n<\/div>\n<\/div>\n<\/div>\n\n\n\n<div class=\"wp-block-column is-layout-flow wp-block-column-is-layout-flow\" style=\"flex-basis:10%\"><\/div>\n<\/div>\n\n\n\n<div class=\"wp-block-columns is-layout-flex wp-container-core-columns-is-layout-8 wp-block-columns-is-layout-flex\">\n<div class=\"wp-block-column is-layout-flow wp-block-column-is-layout-flow\" style=\"flex-basis:10%\"><\/div>\n\n\n\n<div class=\"wp-block-column is-layout-flow wp-block-column-is-layout-flow\" style=\"flex-basis:70%\">\n<div class=\"wp-block-columns is-layout-flex wp-container-core-columns-is-layout-7 wp-block-columns-is-layout-flex\">\n<div class=\"wp-block-column is-layout-flow wp-block-column-is-layout-flow\" style=\"flex-basis:80%\">\n<div class=\"wp-block-columns has-background is-layout-flex wp-container-core-columns-is-layout-6 wp-block-columns-is-layout-flex\" style=\"background:linear-gradient(275deg,rgb(2,3,129) 0%,rgb(40,116,252) 100%)\">\n<div class=\"wp-block-column is-layout-flow wp-block-column-is-layout-flow\">\n<figure class=\"wp-block-image aligncenter size-large\"><img decoding=\"async\" src=\"http:\/\/integritybc.org\/wp-content\/uploads\/2023\/05\/4-2-e1685308381145.jpeg\" alt=\"\"\/><\/figure>\n<\/div>\n\n\n\n<div class=\"wp-block-column is-vertically-aligned-center is-layout-flow wp-block-column-is-layout-flow\">\n<figure class=\"wp-block-image alignfull size-full\"><img loading=\"lazy\" decoding=\"async\" width=\"334\" height=\"254\" src=\"http:\/\/integritybc.org\/wp-content\/uploads\/2023\/05\/2-1.jpeg\" alt=\"\" class=\"wp-image-27133\" srcset=\"https:\/\/integritybc.org\/wp-content\/uploads\/2023\/05\/2-1.jpeg 334w, https:\/\/integritybc.org\/wp-content\/uploads\/2023\/05\/2-1-300x228.jpeg 300w\" sizes=\"(max-width: 334px) 100vw, 334px\" \/><\/figure>\n<\/div>\n<\/div>\n<\/div>\n<\/div>\n<\/div>\n\n\n\n<div class=\"wp-block-column is-layout-flow wp-block-column-is-layout-flow\" style=\"flex-basis:10%\"><\/div>\n<\/div>\n\n\n\n<div class=\"wp-block-columns is-layout-flex wp-container-core-columns-is-layout-9 wp-block-columns-is-layout-flex\">\n<div class=\"wp-block-column is-layout-flow wp-block-column-is-layout-flow\">\n<p class=\"has-ast-global-color-4-color has-text-color\">.<\/p>\n<\/div>\n<\/div>\n\n\n\n<div class=\"wp-block-columns is-layout-flex wp-container-core-columns-is-layout-10 wp-block-columns-is-layout-flex\">\n<div class=\"wp-block-column is-layout-flow wp-block-column-is-layout-flow\">\n<h3 class=\"wp-block-heading has-text-align-center has-ast-global-color-5-color has-luminous-vivid-amber-to-luminous-vivid-orange-gradient-background has-text-color has-background\">&#8220;Mientras los ni\u00f1os y jovenes disfruten de sus estudios continuar\u00e1n estudiando a lo largo de su vida <br>y de eso depende su felicidad&#8221;<br>Applied Scholastics Inc.<\/h3>\n<\/div>\n<\/div>\n\n\n\n<div class=\"wp-block-columns has-ast-global-color-4-background-color has-background is-layout-flex wp-container-core-columns-is-layout-11 wp-block-columns-is-layout-flex\">\n<div class=\"wp-block-column is-layout-flow wp-block-column-is-layout-flow\">\n<div class=\"inherit-container-width wp-block-group is-layout-constrained wp-block-group-is-layout-constrained\"><div class=\"wp-block-group__inner-container\">\n<hr class=\"wp-block-separator has-alpha-channel-opacity\"\/>\n\n\n\n<p class=\"has-text-align-center\">\u00a92021- Integrity BC, Foundation For A Drug Free World y sus logos son marcas registradas y de servicios, y se usan con su autorizaci\u00f3n.<\/p>\n<\/div><\/div>\n<\/div>\n<\/div>\n\n\n\n<p class=\"has-ast-global-color-5-background-color has-background\"><\/p>\n","protected":false},"excerpt":{"rendered":"<p>Integrity BC, nacio ademas para ayudar a empresarios, emprendedores o due\u00f1os de negocios en sus deseos de superacion, estabilidad y expansion de sus empresas y de sus sue\u00f1os. Seminario De Educacion . &#8220;Mientras los ni\u00f1os y jovenes disfruten de sus estudios continuar\u00e1n estudiando a lo largo de su vida y de eso depende su felicidad&#8221;Applied &hellip;<\/p>\n<p class=\"read-more\"> <a class=\"\" href=\"https:\/\/integritybc.org\/?page_id=27125\"> <span class=\"screen-reader-text\">Seminario de educaci\u00f3n<\/span> Read More &raquo;<\/a><\/p>\n","protected":false},"author":1,"featured_media":0,"parent":0,"menu_order":0,"comment_status":"closed","ping_status":"closed","template":"","meta":{"advgb_blocks_editor_width":"","advgb_blocks_columns_visual_guide":"","site-sidebar-layout":"default","site-content-layout":"default","ast-global-header-display":"","ast-banner-title-visibility":"","ast-main-header-display":"","ast-hfb-above-header-display":"","ast-hfb-below-header-display":"","ast-hfb-mobile-header-display":"","site-post-title":"disabled","ast-breadcrumbs-content":"","ast-featured-img":"","footer-sml-layout":"","theme-transparent-header-meta":"","adv-header-id-meta":"","stick-header-meta":"","header-above-stick-meta":"","header-main-stick-meta":"","header-below-stick-meta":"","_joinchat":[],"footnotes":""},"class_list":["post-27125","page","type-page","status-publish","hentry"],"aioseo_notices":[],"coauthors":[],"author_meta":{"author_link":"https:\/\/integritybc.org\/?author=1","display_name":"robermayawebs"},"relative_dates":{"created":"Posted 3 years ago","modified":"Updated 3 years ago"},"absolute_dates":{"created":"Posted on May 25, 2023","modified":"Updated on May 28, 2023"},"absolute_dates_time":{"created":"Posted on May 25, 2023 12:17 pm","modified":"Updated on May 28, 2023 9:18 pm"},"featured_img_caption":"","featured_img":false,"series_order":"","_links":{"self":[{"href":"https:\/\/integritybc.org\/index.php?rest_route=\/wp\/v2\/pages\/27125","targetHints":{"allow":["GET"]}}],"collection":[{"href":"https:\/\/integritybc.org\/index.php?rest_route=\/wp\/v2\/pages"}],"about":[{"href":"https:\/\/integritybc.org\/index.php?rest_route=\/wp\/v2\/types\/page"}],"author":[{"embeddable":true,"href":"https:\/\/integritybc.org\/index.php?rest_route=\/wp\/v2\/users\/1"}],"replies":[{"embeddable":true,"href":"https:\/\/integritybc.org\/index.php?rest_route=%2Fwp%2Fv2%2Fcomments&post=27125"}],"version-history":[{"count":34,"href":"https:\/\/integritybc.org\/index.php?rest_route=\/wp\/v2\/pages\/27125\/revisions"}],"predecessor-version":[{"id":27337,"href":"https:\/\/integritybc.org\/index.php?rest_route=\/wp\/v2\/pages\/27125\/revisions\/27337"}],"wp:attachment":[{"href":"https:\/\/integritybc.org\/index.php?rest_route=%2Fwp%2Fv2%2Fmedia&parent=27125"}],"curies":[{"name":"wp","href":"https:\/\/api.w.org\/{rel}","templated":true}]}}