{"id":27181,"date":"2023-05-25T13:22:34","date_gmt":"2023-05-25T13:22:34","guid":{"rendered":"https:\/\/integritybc.org\/?page_id=27181"},"modified":"2026-03-10T07:07:37","modified_gmt":"2026-03-10T07:07:37","slug":"educacion-sobre-drogas","status":"publish","type":"page","link":"https:\/\/integritybc.org\/?page_id=27181","title":{"rendered":"Educacion Sobre Drogas"},"content":{"rendered":"\t\t<div data-elementor-type=\"wp-page\" data-elementor-id=\"27181\" class=\"elementor elementor-27181\">\n\t\t\t\t<div class=\"elementor-element elementor-element-71fcfdb3 e-flex e-con-boxed e-con e-parent\" data-id=\"71fcfdb3\" data-element_type=\"container\">\n\t\t\t\t\t<div class=\"e-con-inner\">\n\t\t\t\t<div class=\"elementor-element elementor-element-697f1948 elementor-widget elementor-widget-text-editor\" data-id=\"697f1948\" data-element_type=\"widget\" data-widget_type=\"text-editor.default\">\n\t\t\t\t<div class=\"elementor-widget-container\">\n\t\t\t<style>\/*! elementor - v3.23.0 - 25-07-2024 *\/\n.elementor-widget-text-editor.elementor-drop-cap-view-stacked .elementor-drop-cap{background-color:#69727d;color:#fff}.elementor-widget-text-editor.elementor-drop-cap-view-framed .elementor-drop-cap{color:#69727d;border:3px solid;background-color:transparent}.elementor-widget-text-editor:not(.elementor-drop-cap-view-default) .elementor-drop-cap{margin-top:8px}.elementor-widget-text-editor:not(.elementor-drop-cap-view-default) .elementor-drop-cap-letter{width:1em;height:1em}.elementor-widget-text-editor .elementor-drop-cap{float:left;text-align:center;line-height:1;font-size:50px}.elementor-widget-text-editor .elementor-drop-cap-letter{display:inline-block}<\/style>\t\t\t\t<p><!-- wp:cover {\"url\":\"http:\/\/integritybc.org\/wp-content\/uploads\/2023\/05\/Portada.jpg\",\"id\":26771,\"dimRatio\":50,\"minHeight\":600,\"minHeightUnit\":\"px\",\"layout\":{\"type\":\"constrained\",\"contentSize\":\"750px\",\"wideSize\":\"1200px\"}} --><\/p>\n<div class=\"wp-block-cover\" style=\"min-height: 600px;\">\n<p><img fetchpriority=\"high\" decoding=\"async\" width=\"870\" height=\"580\" class=\"wp-block-cover__image-background wp-image-26771\" src=\"http:\/\/integritybc.org\/wp-content\/uploads\/2023\/05\/Portada.jpg\" alt=\"\" data-object-fit=\"cover\" srcset=\"https:\/\/integritybc.org\/wp-content\/uploads\/2023\/05\/Portada.jpg 870w, https:\/\/integritybc.org\/wp-content\/uploads\/2023\/05\/Portada-300x200.jpg 300w, https:\/\/integritybc.org\/wp-content\/uploads\/2023\/05\/Portada-768x512.jpg 768w\" sizes=\"(max-width: 870px) 100vw, 870px\" \/><\/p>\n<div class=\"wp-block-cover__inner-container\">\n<p><!-- wp:paragraph {\"align\":\"center\",\"placeholder\":\"Write title\u2026\",\"fontSize\":\"large\"} --><\/p>\n<p class=\"has-text-align-center has-large-font-size\"><img decoding=\"async\" width=\"150\" height=\"150\" class=\"wp-image-26782\" style=\"width: 150px;\" src=\"http:\/\/integritybc.org\/wp-content\/uploads\/2023\/05\/Logo-transparente.png\" alt=\"\" srcset=\"https:\/\/integritybc.org\/wp-content\/uploads\/2023\/05\/Logo-transparente.png 200w, https:\/\/integritybc.org\/wp-content\/uploads\/2023\/05\/Logo-transparente-150x150.png 150w\" sizes=\"(max-width: 150px) 100vw, 150px\" \/><\/p>\n<p><!-- \/wp:paragraph --><!-- wp:heading --><\/p>\n<h2 class=\"wp-block-heading\">&nbsp;<\/h2>\n<p><!-- \/wp:heading --><!-- wp:heading --><\/p>\n<h2 class=\"wp-block-heading\">&nbsp;<\/h2>\n<p><!-- \/wp:heading --><!-- wp:paragraph {\"textColor\":\"ast-global-color-5\",\"gradient\":\"midnight\"} --><\/p>\n<p class=\"has-ast-global-color-5-color has-midnight-gradient-background has-text-color has-background\">Es una organizaci\u00f3n sin fines de lucro, creada y establecida en Los \u00c1ngeles, California con estatus 501 (c) (3), desde el 23 de enero del 2023.<br>Integrity BC est\u00e1 dedicada a librar a la sociedad de sus epidemias sociales mas devastadoras \u2013 drogas, crimen, p\u00e9rdida de valores y dificultades en el estudio, a trav\u00e9s de m\u00e9todos efectivos, sencillos y funcionales, que cualquier persona puede aprender y usarlos en su vida.<\/p>\n<p><!-- \/wp:paragraph --><\/p>\n<\/div>\n<\/div>\n<p><!-- \/wp:cover --><!-- wp:columns {\"backgroundColor\":\"ast-global-color-5\",\"textColor\":\"black\"} --><\/p>\n<div class=\"wp-block-columns has-black-color has-ast-global-color-5-background-color has-text-color has-background\">\n<p><!-- wp:column {\"width\":\"25%\"} --><\/p>\n<div class=\"wp-block-column\" style=\"flex-basis: 25%;\">&nbsp;<\/div>\n<p><!-- \/wp:column --><!-- wp:column {\"width\":\"50%\"} --><\/p>\n<div class=\"wp-block-column\" style=\"flex-basis: 50%;\">\n<p><!-- wp:heading {\"level\":5,\"textColor\":\"black\"} --><\/p>\n<h5 class=\"wp-block-heading has-black-color has-text-color\">Integrity BC, naci\u00f3 adem\u00e1s para ayudar a empresarios, emprendedores o due\u00f1os de negocios en sus deseos de superaci\u00f3n, estabilidad y expansi\u00f3n de sus empresas y de sus sue\u00f1os.<\/h5>\n<p><!-- \/wp:heading --><\/p>\n<\/div>\n<p><!-- \/wp:column --><!-- wp:column {\"width\":\"25%\"} --><\/p>\n<div class=\"wp-block-column\" style=\"flex-basis: 25%;\">&nbsp;<\/div>\n<p><!-- \/wp:column --><\/p>\n<\/div>\n<p><!-- \/wp:columns --><!-- wp:heading {\"textAlign\":\"center\",\"textColor\":\"ast-global-color-5\",\"gradient\":\"midnight\"} --><\/p>\n<h2 class=\"wp-block-heading has-text-align-center has-ast-global-color-5-color has-midnight-gradient-background has-text-color has-background\">Educaci\u00f3n Sobre Drogas<\/h2>\n<h4><em>&nbsp; &nbsp; &nbsp; &nbsp; &nbsp; &nbsp; &nbsp; &nbsp; &nbsp; &nbsp; &nbsp;Eduqu\u00e9monos para prevenir que nuestros hijos ingresen al tr\u00e1gico mundo de la adici\u00f3n a las drogas, &nbsp; &nbsp; &nbsp; &nbsp; &nbsp; &nbsp; &nbsp; &nbsp; &nbsp; &nbsp; &nbsp; &nbsp; &nbsp; &nbsp; &nbsp; &nbsp; &nbsp; &nbsp; &nbsp; antes que sea demasiado tarde.<\/em><\/h4>\n<p><!-- \/wp:columns --><!-- wp:columns {\"backgroundColor\":\"ast-global-color-4\"} --><\/p>\n<div class=\"wp-block-columns has-ast-global-color-4-background-color has-background\">\n<p><!-- wp:column --><\/p>\n<div class=\"wp-block-column\">\n<p><!-- wp:separator {\"align\":\"center\"} --><\/p>\n<hr class=\"wp-block-separator aligncenter has-alpha-channel-opacity\">\n<p><!-- \/wp:separator --><!-- wp:paragraph {\"align\":\"center\"} --><\/p>\n<p class=\"has-text-align-center\">\u00a92021- Integrity BC, Foundation For A Drug Free World y sus logos son marcas registradas y de servicios, y se usan con su autorizaci\u00f3n.<\/p>\n<p><!-- \/wp:paragraph --><\/p>\n<\/div>\n<p><!-- \/wp:column --><\/p>\n<\/div>\n<p><!-- \/wp:columns --><!-- wp:paragraph {\"backgroundColor\":\"ast-global-color-5\"} --><\/p>\n<p class=\"has-ast-global-color-5-background-color has-background\">\n<\/p><p><!-- \/wp:paragraph --><\/p>\t\t\t\t\t\t<\/div>\n\t\t\t\t<\/div>\n\t\t\t\t<div class=\"elementor-element elementor-element-6bad1b5 e-transform e-transform e-transform e-transform elementor-widget elementor-widget-image\" data-id=\"6bad1b5\" data-element_type=\"widget\" data-settings=\"{&quot;_transform_scale_effect&quot;:{&quot;unit&quot;:&quot;px&quot;,&quot;size&quot;:0.9,&quot;sizes&quot;:[]},&quot;_transform_skewX_effect&quot;:{&quot;unit&quot;:&quot;px&quot;,&quot;size&quot;:0,&quot;sizes&quot;:[]},&quot;_transform_rotateZ_effect&quot;:{&quot;unit&quot;:&quot;px&quot;,&quot;size&quot;:&quot;&quot;,&quot;sizes&quot;:[]},&quot;_transform_rotateZ_effect_tablet&quot;:{&quot;unit&quot;:&quot;deg&quot;,&quot;size&quot;:&quot;&quot;,&quot;sizes&quot;:[]},&quot;_transform_rotateZ_effect_mobile&quot;:{&quot;unit&quot;:&quot;deg&quot;,&quot;size&quot;:&quot;&quot;,&quot;sizes&quot;:[]},&quot;_transform_translateX_effect&quot;:{&quot;unit&quot;:&quot;px&quot;,&quot;size&quot;:&quot;&quot;,&quot;sizes&quot;:[]},&quot;_transform_translateX_effect_tablet&quot;:{&quot;unit&quot;:&quot;px&quot;,&quot;size&quot;:&quot;&quot;,&quot;sizes&quot;:[]},&quot;_transform_translateX_effect_mobile&quot;:{&quot;unit&quot;:&quot;px&quot;,&quot;size&quot;:&quot;&quot;,&quot;sizes&quot;:[]},&quot;_transform_translateY_effect&quot;:{&quot;unit&quot;:&quot;px&quot;,&quot;size&quot;:&quot;&quot;,&quot;sizes&quot;:[]},&quot;_transform_translateY_effect_tablet&quot;:{&quot;unit&quot;:&quot;px&quot;,&quot;size&quot;:&quot;&quot;,&quot;sizes&quot;:[]},&quot;_transform_translateY_effect_mobile&quot;:{&quot;unit&quot;:&quot;px&quot;,&quot;size&quot;:&quot;&quot;,&quot;sizes&quot;:[]},&quot;_transform_scale_effect_tablet&quot;:{&quot;unit&quot;:&quot;px&quot;,&quot;size&quot;:&quot;&quot;,&quot;sizes&quot;:[]},&quot;_transform_scale_effect_mobile&quot;:{&quot;unit&quot;:&quot;px&quot;,&quot;size&quot;:&quot;&quot;,&quot;sizes&quot;:[]},&quot;_transform_skewX_effect_tablet&quot;:{&quot;unit&quot;:&quot;deg&quot;,&quot;size&quot;:&quot;&quot;,&quot;sizes&quot;:[]},&quot;_transform_skewX_effect_mobile&quot;:{&quot;unit&quot;:&quot;deg&quot;,&quot;size&quot;:&quot;&quot;,&quot;sizes&quot;:[]},&quot;_transform_skewY_effect&quot;:{&quot;unit&quot;:&quot;px&quot;,&quot;size&quot;:&quot;&quot;,&quot;sizes&quot;:[]},&quot;_transform_skewY_effect_tablet&quot;:{&quot;unit&quot;:&quot;deg&quot;,&quot;size&quot;:&quot;&quot;,&quot;sizes&quot;:[]},&quot;_transform_skewY_effect_mobile&quot;:{&quot;unit&quot;:&quot;deg&quot;,&quot;size&quot;:&quot;&quot;,&quot;sizes&quot;:[]}}\" data-widget_type=\"image.default\">\n\t\t\t\t<div class=\"elementor-widget-container\">\n\t\t\t<style>\/*! elementor - v3.23.0 - 25-07-2024 *\/\n.elementor-widget-image{text-align:center}.elementor-widget-image a{display:inline-block}.elementor-widget-image a img[src$=\".svg\"]{width:48px}.elementor-widget-image img{vertical-align:middle;display:inline-block}<\/style>\t\t\t\t\t\t\t\t\t\t<img decoding=\"async\" src=\"https:\/\/integritybc.org\/wp-content\/uploads\/2026\/03\/DFW-4.jpg\" title=\"DFW 4\" alt=\"DFW 4\" loading=\"lazy\" \/>\t\t\t\t\t\t\t\t\t\t\t\t\t<\/div>\n\t\t\t\t<\/div>\n\t\t<div class=\"elementor-element elementor-element-da84e41 e-grid e-con-full e-con e-child\" data-id=\"da84e41\" data-element_type=\"container\">\n\t\t\t\t<div class=\"elementor-element elementor-element-bfa4646 elementor-widget elementor-widget-image\" data-id=\"bfa4646\" data-element_type=\"widget\" data-widget_type=\"image.default\">\n\t\t\t\t<div class=\"elementor-widget-container\">\n\t\t\t\t\t\t\t\t\t\t<figure class=\"wp-caption\">\n\t\t\t\t\t\t\t\t\t\t<img decoding=\"async\" src=\"https:\/\/integritybc.org\/wp-content\/uploads\/2026\/03\/invitados-scaled.jpg\" title=\"invitados\" alt=\"invitados\" loading=\"lazy\" \/>\t\t\t\t\t\t\t\t\t\t\t<figcaption class=\"widget-image-caption wp-caption-text\"><\/figcaption>\n\t\t\t\t\t\t\t\t\t\t<\/figure>\n\t\t\t\t\t\t\t<\/div>\n\t\t\t\t<\/div>\n\t\t\t\t<div class=\"elementor-element elementor-element-fd930b8 elementor-widget elementor-widget-image\" data-id=\"fd930b8\" data-element_type=\"widget\" data-widget_type=\"image.default\">\n\t\t\t\t<div class=\"elementor-widget-container\">\n\t\t\t\t\t\t\t\t\t\t\t\t\t<img decoding=\"async\" src=\"https:\/\/integritybc.org\/wp-content\/uploads\/2026\/03\/DFW-3-1.jpg\" title=\"DFW 3\" alt=\"DFW 3\" loading=\"lazy\" \/>\t\t\t\t\t\t\t\t\t\t\t\t\t<\/div>\n\t\t\t\t<\/div>\n\t\t\t\t<div class=\"elementor-element elementor-element-45eaeeb elementor-widget elementor-widget-image\" data-id=\"45eaeeb\" data-element_type=\"widget\" data-widget_type=\"image.default\">\n\t\t\t\t<div class=\"elementor-widget-container\">\n\t\t\t\t\t\t\t\t\t\t\t\t\t<img decoding=\"async\" src=\"https:\/\/integritybc.org\/wp-content\/uploads\/2026\/03\/INVITADOS-2.jpg\" title=\"INVITADOS 2\" alt=\"INVITADOS 2\" loading=\"lazy\" \/>\t\t\t\t\t\t\t\t\t\t\t\t\t<\/div>\n\t\t\t\t<\/div>\n\t\t\t\t<div class=\"elementor-element elementor-element-3d501d7 elementor-widget elementor-widget-image\" data-id=\"3d501d7\" data-element_type=\"widget\" data-widget_type=\"image.default\">\n\t\t\t\t<div class=\"elementor-widget-container\">\n\t\t\t\t\t\t\t\t\t\t<figure class=\"wp-caption\">\n\t\t\t\t\t\t\t\t\t\t<img decoding=\"async\" src=\"https:\/\/integritybc.org\/wp-content\/uploads\/2026\/03\/Prensa-scaled.jpg\" title=\"Prensa\" alt=\"Prensa\" loading=\"lazy\" \/>\t\t\t\t\t\t\t\t\t\t\t<figcaption class=\"widget-image-caption wp-caption-text\"><\/figcaption>\n\t\t\t\t\t\t\t\t\t\t<\/figure>\n\t\t\t\t\t\t\t<\/div>\n\t\t\t\t<\/div>\n\t\t\t\t<div class=\"elementor-element elementor-element-5faeac6 elementor-widget elementor-widget-image\" data-id=\"5faeac6\" data-element_type=\"widget\" data-widget_type=\"image.default\">\n\t\t\t\t<div class=\"elementor-widget-container\">\n\t\t\t\t\t\t\t\t\t\t\t\t\t<img decoding=\"async\" src=\"https:\/\/integritybc.org\/wp-content\/uploads\/2026\/03\/entrega-medalla.jpg\" title=\"entrega medalla\" alt=\"entrega medalla\" loading=\"lazy\" \/>\t\t\t\t\t\t\t\t\t\t\t\t\t<\/div>\n\t\t\t\t<\/div>\n\t\t\t\t<div class=\"elementor-element elementor-element-d98c192 elementor-widget elementor-widget-image\" data-id=\"d98c192\" data-element_type=\"widget\" data-widget_type=\"image.default\">\n\t\t\t\t<div class=\"elementor-widget-container\">\n\t\t\t\t\t\t\t\t\t\t<figure class=\"wp-caption\">\n\t\t\t\t\t\t\t\t\t\t<img decoding=\"async\" src=\"http:\/\/integritybc.org\/wp-content\/uploads\/2026\/03\/MEDALLA2-AL-MERITO-SOCIAL.pdf\" title=\"\" alt=\"\" loading=\"lazy\" \/>\t\t\t\t\t\t\t\t\t\t\t<figcaption class=\"widget-image-caption wp-caption-text\"><\/figcaption>\n\t\t\t\t\t\t\t\t\t\t<\/figure>\n\t\t\t\t\t\t\t<\/div>\n\t\t\t\t<\/div>\n\t\t\t\t<\/div>\n\t\t\t\t<div class=\"elementor-element elementor-element-df98f9e elementor-widget elementor-widget-image\" data-id=\"df98f9e\" data-element_type=\"widget\" data-widget_type=\"image.default\">\n\t\t\t\t<div class=\"elementor-widget-container\">\n\t\t\t\t\t\t\t\t\t\t\t\t\t<img decoding=\"async\" src=\"http:\/\/integritybc.org\/wp-content\/uploads\/2026\/03\/Formato-web-site-EDUC-Drogas-2026-3.pdf\" title=\"\" alt=\"\" loading=\"lazy\" \/>\t\t\t\t\t\t\t\t\t\t\t\t\t<\/div>\n\t\t\t\t<\/div>\n\t\t\t\t\t<\/div>\n\t\t\t\t<\/div>\n\t\t<div class=\"elementor-element elementor-element-c8891d6 e-flex e-con-boxed e-con e-parent\" data-id=\"c8891d6\" data-element_type=\"container\">\n\t\t\t\t\t<div class=\"e-con-inner\">\n\t\t\t\t<div class=\"elementor-element elementor-element-3439ee0 elementor-widget elementor-widget-image\" data-id=\"3439ee0\" data-element_type=\"widget\" data-widget_type=\"image.default\">\n\t\t\t\t<div class=\"elementor-widget-container\">\n\t\t\t\t\t\t\t\t\t\t\t\t\t<img decoding=\"async\" src=\"http:\/\/integritybc.org\/wp-content\/uploads\/2026\/03\/Formato-2-web-site-EDUC-Drogas-2026-1.pdf\" title=\"\" alt=\"\" loading=\"lazy\" \/>\t\t\t\t\t\t\t\t\t\t\t\t\t<\/div>\n\t\t\t\t<\/div>\n\t\t\t\t\t<\/div>\n\t\t\t\t<\/div>\n\t\t<div class=\"elementor-element elementor-element-539cf06 e-flex e-con-boxed e-con e-parent\" data-id=\"539cf06\" data-element_type=\"container\">\n\t\t\t\t\t<div class=\"e-con-inner\">\n\t\t\t\t\t<\/div>\n\t\t\t\t<\/div>\n\t\t<div class=\"elementor-element elementor-element-72bdc02 e-flex e-con-boxed e-con e-parent\" data-id=\"72bdc02\" data-element_type=\"container\">\n\t\t\t\t\t<div class=\"e-con-inner\">\n\t\t\t\t\t<\/div>\n\t\t\t\t<\/div>\n\t\t<div class=\"elementor-element elementor-element-0a80d00 e-flex e-con-boxed e-con e-parent\" data-id=\"0a80d00\" data-element_type=\"container\">\n\t\t\t\t\t<div class=\"e-con-inner\">\n\t\t\t\t\t<\/div>\n\t\t\t\t<\/div>\n\t\t<div class=\"elementor-element elementor-element-bd506a1 e-flex e-con-boxed e-con e-parent\" data-id=\"bd506a1\" data-element_type=\"container\">\n\t\t\t\t\t<div class=\"e-con-inner\">\n\t\t\t\t\t<\/div>\n\t\t\t\t<\/div>\n\t\t\t\t<\/div>\n\t\t","protected":false},"excerpt":{"rendered":"<p>&nbsp; Integrity BC, naci\u00f3 adem\u00e1s para ayudar a empresarios, emprendedores o due\u00f1os de negocios en sus deseos de superaci\u00f3n, estabilidad y expansi\u00f3n de sus empresas y de sus sue\u00f1os. &nbsp; Educaci\u00f3n Sobre Drogas &nbsp; &nbsp; &nbsp; &nbsp; &nbsp; &nbsp; &nbsp; &nbsp; &nbsp; &nbsp; &nbsp;Eduqu\u00e9monos para prevenir que nuestros hijos ingresen al tr\u00e1gico mundo de la &hellip;<\/p>\n<p class=\"read-more\"> <a class=\"\" href=\"https:\/\/integritybc.org\/?page_id=27181\"> <span class=\"screen-reader-text\">Educacion Sobre Drogas<\/span> Read More &raquo;<\/a><\/p>\n","protected":false},"author":1,"featured_media":0,"parent":0,"menu_order":0,"comment_status":"closed","ping_status":"closed","template":"","meta":{"advgb_blocks_editor_width":"","advgb_blocks_columns_visual_guide":"","site-sidebar-layout":"default","site-content-layout":"default","ast-global-header-display":"","ast-banner-title-visibility":"","ast-main-header-display":"","ast-hfb-above-header-display":"","ast-hfb-below-header-display":"","ast-hfb-mobile-header-display":"","site-post-title":"disabled","ast-breadcrumbs-content":"","ast-featured-img":"","footer-sml-layout":"","theme-transparent-header-meta":"","adv-header-id-meta":"","stick-header-meta":"","header-above-stick-meta":"","header-main-stick-meta":"","header-below-stick-meta":"","_joinchat":[],"footnotes":""},"class_list":["post-27181","page","type-page","status-publish","hentry"],"aioseo_notices":[],"coauthors":[],"author_meta":{"author_link":"https:\/\/integritybc.org\/?author=1","display_name":"robermayawebs"},"relative_dates":{"created":"Posted 3 years ago","modified":"Updated 2 months ago"},"absolute_dates":{"created":"Posted on May 25, 2023","modified":"Updated on March 10, 2026"},"absolute_dates_time":{"created":"Posted on May 25, 2023 1:22 pm","modified":"Updated on March 10, 2026 7:07 am"},"featured_img_caption":"","featured_img":false,"series_order":"","_links":{"self":[{"href":"https:\/\/integritybc.org\/index.php?rest_route=\/wp\/v2\/pages\/27181","targetHints":{"allow":["GET"]}}],"collection":[{"href":"https:\/\/integritybc.org\/index.php?rest_route=\/wp\/v2\/pages"}],"about":[{"href":"https:\/\/integritybc.org\/index.php?rest_route=\/wp\/v2\/types\/page"}],"author":[{"embeddable":true,"href":"https:\/\/integritybc.org\/index.php?rest_route=\/wp\/v2\/users\/1"}],"replies":[{"embeddable":true,"href":"https:\/\/integritybc.org\/index.php?rest_route=%2Fwp%2Fv2%2Fcomments&post=27181"}],"version-history":[{"count":21,"href":"https:\/\/integritybc.org\/index.php?rest_route=\/wp\/v2\/pages\/27181\/revisions"}],"predecessor-version":[{"id":28015,"href":"https:\/\/integritybc.org\/index.php?rest_route=\/wp\/v2\/pages\/27181\/revisions\/28015"}],"wp:attachment":[{"href":"https:\/\/integritybc.org\/index.php?rest_route=%2Fwp%2Fv2%2Fmedia&parent=27181"}],"curies":[{"name":"wp","href":"https:\/\/api.w.org\/{rel}","templated":true}]}}