{"id":27198,"date":"2023-05-25T20:04:54","date_gmt":"2023-05-25T20:04:54","guid":{"rendered":"https:\/\/integritybc.org\/?page_id=27198"},"modified":"2024-08-07T00:40:30","modified_gmt":"2024-08-07T00:40:30","slug":"nuestro-equipo","status":"publish","type":"page","link":"https:\/\/integritybc.org\/?page_id=27198","title":{"rendered":"Nuestro equipo"},"content":{"rendered":"\t\t<div data-elementor-type=\"wp-page\" data-elementor-id=\"27198\" class=\"elementor elementor-27198\">\n\t\t\t\t<div class=\"elementor-element elementor-element-7aa69743 e-con-full e-flex e-con e-parent\" data-id=\"7aa69743\" data-element_type=\"container\">\n\t\t\t\t<div class=\"elementor-element elementor-element-7c38ac6e elementor-widget__width-initial elementor-widget elementor-widget-text-editor\" data-id=\"7c38ac6e\" data-element_type=\"widget\" data-widget_type=\"text-editor.default\">\n\t\t\t\t<div class=\"elementor-widget-container\">\n\t\t\t<style>\/*! elementor - v3.23.0 - 25-07-2024 *\/\n.elementor-widget-text-editor.elementor-drop-cap-view-stacked .elementor-drop-cap{background-color:#69727d;color:#fff}.elementor-widget-text-editor.elementor-drop-cap-view-framed .elementor-drop-cap{color:#69727d;border:3px solid;background-color:transparent}.elementor-widget-text-editor:not(.elementor-drop-cap-view-default) .elementor-drop-cap{margin-top:8px}.elementor-widget-text-editor:not(.elementor-drop-cap-view-default) .elementor-drop-cap-letter{width:1em;height:1em}.elementor-widget-text-editor .elementor-drop-cap{float:left;text-align:center;line-height:1;font-size:50px}.elementor-widget-text-editor .elementor-drop-cap-letter{display:inline-block}<\/style>\t\t\t\t<!-- wp:cover {\"url\":\"http:\/\/integritybc.org\/wp-content\/uploads\/2023\/05\/Portada.jpg\",\"id\":26771,\"dimRatio\":50,\"minHeight\":600,\"minHeightUnit\":\"px\",\"layout\":{\"type\":\"constrained\",\"contentSize\":\"750px\",\"wideSize\":\"1200px\"}} -->\n<div class=\"wp-block-cover\" style=\"min-height: 600px;\"><img fetchpriority=\"high\" decoding=\"async\" width=\"870\" height=\"580\" class=\"wp-block-cover__image-background wp-image-26771\" src=\"http:\/\/integritybc.org\/wp-content\/uploads\/2023\/05\/Portada.jpg\" alt=\"\" data-object-fit=\"cover\" srcset=\"https:\/\/integritybc.org\/wp-content\/uploads\/2023\/05\/Portada.jpg 870w, https:\/\/integritybc.org\/wp-content\/uploads\/2023\/05\/Portada-300x200.jpg 300w, https:\/\/integritybc.org\/wp-content\/uploads\/2023\/05\/Portada-768x512.jpg 768w\" sizes=\"(max-width: 870px) 100vw, 870px\" \/>\n<div class=\"wp-block-cover__inner-container\"><!-- wp:paragraph {\"align\":\"center\",\"placeholder\":\"Write title\u2026\",\"fontSize\":\"large\"} -->\n<p class=\"has-text-align-center has-large-font-size\"><img decoding=\"async\" width=\"150\" height=\"150\" class=\"wp-image-26782\" style=\"width: 150px;\" src=\"http:\/\/integritybc.org\/wp-content\/uploads\/2023\/05\/Logo-transparente.png\" alt=\"\" srcset=\"https:\/\/integritybc.org\/wp-content\/uploads\/2023\/05\/Logo-transparente.png 200w, https:\/\/integritybc.org\/wp-content\/uploads\/2023\/05\/Logo-transparente-150x150.png 150w\" sizes=\"(max-width: 150px) 100vw, 150px\" \/><\/p>\n<!-- \/wp:paragraph --><!-- wp:heading -->\n<h2 class=\"wp-block-heading\">\u00a0<\/h2>\n<!-- \/wp:heading --><!-- wp:heading -->\n<h2 class=\"wp-block-heading\">\u00a0<\/h2>\n<!-- \/wp:heading --><!-- wp:paragraph {\"textColor\":\"ast-global-color-5\",\"gradient\":\"midnight\"} -->\n<p class=\"has-ast-global-color-5-color has-midnight-gradient-background has-text-color has-background\"><span style=\"vertical-align: inherit;\"><span style=\"vertical-align: inherit;\"><span style=\"vertical-align: inherit;\"><span style=\"vertical-align: inherit;\"><span style=\"vertical-align: inherit;\"><span style=\"vertical-align: inherit;\"><span style=\"vertical-align: inherit;\"><span style=\"vertical-align: inherit;\">Es una organizaci\u00f3n sin fines de lucro, creada y establecida en Los \u00c1ngeles, California con estatus 501 (c) (3), exenta de impuestos, desde el 23 de enero del 2023. <\/span><\/span><\/span><\/span><\/span><\/span><\/span><\/span><br \/><span style=\"vertical-align: inherit;\"><span style=\"vertical-align: inherit;\"><span style=\"vertical-align: inherit;\"><span style=\"vertical-align: inherit;\"><span style=\"vertical-align: inherit;\"><span style=\"vertical-align: inherit;\"><span style=\"vertical-align: inherit;\"><span style=\"vertical-align: inherit;\">Integrity BC est\u00e1 dedicada a librar a la sociedad de sus epidemias. . . sociales m\u00e1s devastadoras: drogas, crimen, p\u00e9rdida de valores y dificultades en el estudio, a trav\u00e9s de m\u00e9todos efectivos, sencillos y funcionales, que cualquier persona puede aprender y usar en su vida.<\/span><\/span><\/span><\/span><\/span><\/span><\/span><\/span><\/p>\n<!-- \/wp:paragraph --><\/div>\n<\/div>\n<!-- \/wp:cover --><!-- wp:columns {\"backgroundColor\":\"ast-global-color-5\",\"textColor\":\"black\"} -->\n<div class=\"wp-block-columns has-black-color has-ast-global-color-5-background-color has-text-color has-background\"><!-- wp:column {\"width\":\"25%\"} -->\n<div class=\"wp-block-column\" style=\"flex-basis: 25%;\">\u00a0<\/div>\n<!-- \/wp:column --><!-- wp:column {\"width\":\"50%\"} -->\n<div class=\"wp-block-column\" style=\"flex-basis: 50%;\"><!-- wp:heading {\"textAlign\":\"center\",\"level\":5,\"textColor\":\"black\"} -->\n<h5 class=\"wp-block-heading has-text-align-center has-black-color has-text-color\"><span style=\"vertical-align: inherit;\"><span style=\"vertical-align: inherit;\"><span style=\"vertical-align: inherit;\"><span style=\"vertical-align: inherit;\"><span style=\"vertical-align: inherit;\"><span style=\"vertical-align: inherit;\"><span style=\"vertical-align: inherit;\"><span style=\"vertical-align: inherit;\">Integrity BC, naci\u00f3 adem\u00e1s para ayudar a empresarios, emprendedores o due\u00f1os de negocios en sus deseos de superaci\u00f3n, estabilidad y expansi\u00f3n de sus empresas y de sus sue\u00f1os.<\/span><\/span><\/span><\/span><\/span><\/span><\/span><\/span><\/h5>\n<!-- \/wp:heading --><\/div>\n<!-- \/wp:column --><!-- wp:column {\"width\":\"25%\"} -->\n<div class=\"wp-block-column\" style=\"flex-basis: 25%;\">\u00a0<\/div>\n<!-- \/wp:column --><\/div>\n<!-- \/wp:columns --><!-- wp:heading {\"textAlign\":\"center\",\"level\":4,\"textColor\":\"ast-global-color-5\",\"gradient\":\"luminous-vivid-amber-to-luminous-vivid-orange\"} -->\n<h4 class=\"wp-block-heading has-text-align-center has-ast-global-color-5-color has-luminous-vivid-amber-to-luminous-vivid-orange-gradient-background has-text-color has-background\"><span style=\"vertical-align: inherit;\"><span style=\"vertical-align: inherit;\"><span style=\"vertical-align: inherit;\"><span style=\"vertical-align: inherit;\"><span style=\"vertical-align: inherit;\"><span style=\"vertical-align: inherit;\"><span style=\"vertical-align: inherit;\"><span style=\"vertical-align: inherit;\">LOS NEGOCIOS EN NUESTRAS COMUNIDADES PUEDEN MEJORAR Y ASI, A TRAVES DE ELLOS, PODEMOS CREAR UNA SOCIEDAD COMPETENTE, CON VALORES Y PRODUCTIVA.<\/span><\/span><\/span><\/span><\/span><\/span><\/span><\/span><\/h4>\n<!-- \/wp:heading --><!-- wp:paragraph {\"align\":\"center\",\"textColor\":\"ast-global-color-4\"} -->\n<p class=\"has-text-align-center has-ast-global-color-4-color has-text-color\"><span style=\"vertical-align: inherit;\"><span style=\"vertical-align: inherit;\"><span style=\"vertical-align: inherit;\"><span style=\"vertical-align: inherit;\"><span style=\"vertical-align: inherit;\"><span style=\"vertical-align: inherit;\"><span style=\"vertical-align: inherit;\"><span style=\"vertical-align: inherit;\">.<\/span><\/span><\/span><\/span><\/span><\/span><\/span><\/span><\/p>\n<!-- \/wp:paragraph --><!-- wp:columns -->\n<div class=\"wp-block-columns\"><!-- wp:column {\"width\":\"10%\"} -->\n<div class=\"wp-block-column\" style=\"flex-basis: 10%;\">\u00a0<\/div>\n<!-- \/wp:column --><!-- wp:column {\"width\":\"80%\"} -->\n<div class=\"wp-block-column\" style=\"flex-basis: 80%;\"><!-- wp:columns -->\n<div class=\"wp-block-columns\"><!-- wp:column -->\n<div class=\"wp-block-column\"><!-- wp:image {\"id\":27211,\"sizeSlug\":\"full\",\"linkDestination\":\"none\"} -->\n<figure class=\"wp-block-image size-full\"><img decoding=\"async\" width=\"540\" height=\"540\" class=\"wp-image-27211\" src=\"https:\/\/integritybc.org\/wp-content\/uploads\/2023\/05\/5.jpg\" alt=\"\" srcset=\"https:\/\/integritybc.org\/wp-content\/uploads\/2023\/05\/5.jpg 540w, https:\/\/integritybc.org\/wp-content\/uploads\/2023\/05\/5-300x300.jpg 300w, https:\/\/integritybc.org\/wp-content\/uploads\/2023\/05\/5-150x150.jpg 150w\" sizes=\"(max-width: 540px) 100vw, 540px\" \/><\/figure>\n<!-- \/wp:image --><\/div>\n<!-- \/wp:column --><!-- wp:column {\"verticalAlignment\":\"center\"} -->\n<div class=\"wp-block-column is-vertically-aligned-center\"><!-- wp:image {\"align\":\"center\",\"id\":27529,\"sizeSlug\":\"large\",\"linkDestination\":\"none\"} -->\n<figure class=\"wp-block-image aligncenter size-large\"><img loading=\"lazy\" decoding=\"async\" width=\"1024\" height=\"390\" class=\"wp-image-27529\" src=\"https:\/\/integritybc.org\/wp-content\/uploads\/2024\/07\/FOTO-2-1024x390.jpeg\" alt=\"\" srcset=\"https:\/\/integritybc.org\/wp-content\/uploads\/2024\/07\/FOTO-2-1024x390.jpeg 1024w, https:\/\/integritybc.org\/wp-content\/uploads\/2024\/07\/FOTO-2-300x114.jpeg 300w, https:\/\/integritybc.org\/wp-content\/uploads\/2024\/07\/FOTO-2-768x292.jpeg 768w, https:\/\/integritybc.org\/wp-content\/uploads\/2024\/07\/FOTO-2-1536x585.jpeg 1536w, https:\/\/integritybc.org\/wp-content\/uploads\/2024\/07\/FOTO-2.jpeg 1547w\" sizes=\"(max-width: 1024px) 100vw, 1024px\" \/><\/figure>\n<!-- \/wp:image --><!-- wp:image {\"align\":\"center\",\"id\":27518,\"width\":291,\"height\":156,\"sizeSlug\":\"large\",\"linkDestination\":\"none\"} -->\n<figure class=\"wp-block-image aligncenter size-large is-resized\"><img loading=\"lazy\" decoding=\"async\" class=\"wp-image-27518\" src=\"https:\/\/integritybc.org\/wp-content\/uploads\/2024\/07\/IMG_4743-1024x549.jpg\" alt=\"\" width=\"291\" height=\"156\" srcset=\"https:\/\/integritybc.org\/wp-content\/uploads\/2024\/07\/IMG_4743-1024x549.jpg 1024w, https:\/\/integritybc.org\/wp-content\/uploads\/2024\/07\/IMG_4743-300x161.jpg 300w, https:\/\/integritybc.org\/wp-content\/uploads\/2024\/07\/IMG_4743-768x412.jpg 768w, https:\/\/integritybc.org\/wp-content\/uploads\/2024\/07\/IMG_4743-1536x824.jpg 1536w, https:\/\/integritybc.org\/wp-content\/uploads\/2024\/07\/IMG_4743.jpg 1588w\" sizes=\"(max-width: 291px) 100vw, 291px\" \/><\/figure>\n<!-- \/wp:image --><\/div>\n<!-- \/wp:column --><!-- wp:column -->\n<div class=\"wp-block-column\"><!-- wp:image {\"id\":27214,\"sizeSlug\":\"full\",\"linkDestination\":\"none\"} -->\n<figure class=\"wp-block-image size-full\"><img loading=\"lazy\" decoding=\"async\" width=\"540\" height=\"540\" class=\"wp-image-27214\" src=\"https:\/\/integritybc.org\/wp-content\/uploads\/2023\/05\/6.jpg\" alt=\"\" srcset=\"https:\/\/integritybc.org\/wp-content\/uploads\/2023\/05\/6.jpg 540w, https:\/\/integritybc.org\/wp-content\/uploads\/2023\/05\/6-300x300.jpg 300w, https:\/\/integritybc.org\/wp-content\/uploads\/2023\/05\/6-150x150.jpg 150w\" sizes=\"(max-width: 540px) 100vw, 540px\" \/><\/figure>\n<!-- \/wp:image --><\/div>\n<!-- \/wp:column --><\/div>\n<!-- \/wp:columns --><\/div>\n<!-- \/wp:column --><!-- wp:column {\"width\":\"10%\"} -->\n<div class=\"wp-block-column\" style=\"flex-basis: 10%;\">\u00a0<\/div>\n<!-- \/wp:column --><\/div>\n<!-- \/wp:columns --><!-- wp:columns -->\n<div class=\"wp-block-columns\"><!-- wp:column {\"width\":\"10%\"} -->\n<div class=\"wp-block-column\" style=\"flex-basis: 10%;\">\u00a0<\/div>\n<!-- \/wp:column --><!-- wp:column {\"width\":\"80%\"} -->\n<div class=\"wp-block-column\" style=\"flex-basis: 80%;\"><!-- wp:paragraph {\"textColor\":\"ast-global-color-4\"} -->\n<p class=\"has-ast-global-color-4-color has-text-color\"><span style=\"vertical-align: inherit;\"><span style=\"vertical-align: inherit;\"><span style=\"vertical-align: inherit;\"><span style=\"vertical-align: inherit;\"><span style=\"vertical-align: inherit;\"><span style=\"vertical-align: inherit;\"><span style=\"vertical-align: inherit;\"><span style=\"vertical-align: inherit;\">.<\/span><\/span><\/span><\/span><\/span><\/span><\/span><\/span><\/p>\n<!-- \/wp:paragraph --><!-- wp:heading {\"textAlign\":\"center\"} -->\n<h2 class=\"wp-block-heading has-text-align-center\"><strong><span style=\"vertical-align: inherit;\"><span style=\"vertical-align: inherit;\"><span style=\"vertical-align: inherit;\"><span style=\"vertical-align: inherit;\"><span style=\"vertical-align: inherit;\"><span style=\"vertical-align: inherit;\"><span style=\"vertical-align: inherit;\"><span style=\"vertical-align: inherit;\">NUESTROS PROPOSITOS<\/span><\/span><\/span><\/span><\/span><\/span><\/span><\/span><\/strong><\/h2>\n<!-- \/wp:heading --><!-- wp:table -->\n<figure class=\"wp-block-table\">\n<table>\n<tbody>\n<tr>\n<td>\u00a0<\/td>\n<td><span style=\"vertical-align: inherit;\"><span style=\"vertical-align: inherit;\"><span style=\"vertical-align: inherit;\"><span style=\"vertical-align: inherit;\"><span style=\"vertical-align: inherit;\"><span style=\"vertical-align: inherit;\"><span style=\"vertical-align: inherit;\"><span style=\"vertical-align: inherit;\">ESTABLECER Y DESARROLLAR UN MODELO INNOVADOR, SENCILLO Y FUNCIONAL CON LAS POLITICAS DE ADMINISTRACION Y ALTA GERENCIAL DE LRH, CREANDO ASI EMPRESAS Y EJECUTIVOS EXITOSOS. <\/span><\/span><\/span><\/span><\/span><\/span><\/span><\/span><br \/><span style=\"vertical-align: inherit;\"><span style=\"vertical-align: inherit;\"><span style=\"vertical-align: inherit;\"><span style=\"vertical-align: inherit;\"><span style=\"vertical-align: inherit;\"><span style=\"vertical-align: inherit;\"><span style=\"vertical-align: inherit;\"><span style=\"vertical-align: inherit;\">ENTREGAR LAS HERRAMIENTAS BASICAS PARA QUE CADA PERSONA PUEDA LOGRAR EN SU ENTORNO Y EN LA COMUNIDAD UN VERDADERO RESCATE DE VALORES, PREVENCION DE DROGAS, UNA EDUCACION EFECTIVA Y OTROS PROYECTOS SOCIALES.<\/span><\/span><\/span><\/span><\/span><\/span><\/span><\/span><\/td>\n<td>\u00a0<\/td>\n<\/tr>\n<\/tbody>\n<\/table>\n<\/figure>\n<\/div>\n<!-- \/wp:column --><\/div>\n<!-- \/wp:columns --><!-- wp:columns -->\n<div class=\"wp-block-columns\"><!-- wp:column {\"width\":\"10%\"} -->\n<div class=\"wp-block-column\" style=\"flex-basis: 10%;\">\u00a0<\/div>\n<!-- \/wp:column --><!-- wp:column {\"width\":\"80%\"} -->\n<div class=\"wp-block-column\" style=\"flex-basis: 80%;\"><!-- wp:heading {\"textAlign\":\"center\",\"style\":{\"color\":{\"gradient\":\"linear-gradient(231deg,rgb(252,185,0) 0%,rgb(255,105,0) 100%)\"}}} -->\n<h2 class=\"wp-block-heading has-text-align-center has-background\" style=\"background: linear-gradient(231deg,#fcb900 0%,#ff6900 100%);\"><strong><span style=\"vertical-align: inherit;\"><span style=\"vertical-align: inherit;\"><span style=\"vertical-align: inherit;\"><span style=\"vertical-align: inherit;\"><span style=\"vertical-align: inherit;\"><span style=\"vertical-align: inherit;\"><span style=\"vertical-align: inherit;\"><span style=\"vertical-align: inherit;\">NUESTRO<\/span><\/span><\/span><\/span><\/span><\/span><\/span><\/span><\/strong><span style=\"vertical-align: inherit;\"><span style=\"vertical-align: inherit;\"><span style=\"vertical-align: inherit;\"><span style=\"vertical-align: inherit;\"><span style=\"vertical-align: inherit;\"><span style=\"vertical-align: inherit;\"><span style=\"vertical-align: inherit;\"><span style=\"vertical-align: inherit;\"> EQUIPO<\/span><\/span><\/span><\/span><\/span><\/span><\/span><\/span><\/h2>\n<!-- \/wp:heading --><!-- wp:paragraph {\"align\":\"center\"} -->\n<p class=\"has-text-align-center\"><strong><span style=\"vertical-align: inherit;\"><span style=\"vertical-align: inherit;\"><span style=\"vertical-align: inherit;\"><span style=\"vertical-align: inherit;\"><span style=\"vertical-align: inherit;\"><span style=\"vertical-align: inherit;\"><span style=\"vertical-align: inherit;\"><span style=\"vertical-align: inherit;\">YA TENEMOS PRESENCIA ADEMAS DE USA EN:<\/span><\/span><\/span><\/span><\/span><\/span><\/span><\/span><\/strong><\/p>\n<!-- \/wp:paragraph --><!-- wp:paragraph {\"align\":\"center\"} -->\n<p class=\"has-text-align-center\"><strong><span style=\"vertical-align: inherit;\"><span style=\"vertical-align: inherit;\"><span style=\"vertical-align: inherit;\"><span style=\"vertical-align: inherit;\"><span style=\"vertical-align: inherit;\"><span style=\"vertical-align: inherit;\"><span style=\"vertical-align: inherit;\"><span style=\"vertical-align: inherit;\">ARGENTINA, COLOMBIA, ECUADOR, PANAM\u00c1, REP\u00daBLICA DOMINICANA, PER\u00da, EUROPA.<br \/><br \/><img loading=\"lazy\" decoding=\"async\" class=\"alignnone size-medium wp-image-27617\" src=\"http:\/\/integritybc.org\/wp-content\/uploads\/2024\/08\/8-300x300.webp\" alt=\"\" width=\"300\" height=\"300\" srcset=\"https:\/\/integritybc.org\/wp-content\/uploads\/2024\/08\/8-300x300.webp 300w, https:\/\/integritybc.org\/wp-content\/uploads\/2024\/08\/8-150x150.webp 150w, https:\/\/integritybc.org\/wp-content\/uploads\/2024\/08\/8.webp 540w\" sizes=\"(max-width: 300px) 100vw, 300px\" \/><img loading=\"lazy\" decoding=\"async\" class=\"alignnone size-medium wp-image-27618\" src=\"http:\/\/integritybc.org\/wp-content\/uploads\/2024\/08\/EQUIPO2-300x300.webp\" alt=\"\" width=\"300\" height=\"300\" srcset=\"https:\/\/integritybc.org\/wp-content\/uploads\/2024\/08\/EQUIPO2-300x300.webp 300w, https:\/\/integritybc.org\/wp-content\/uploads\/2024\/08\/EQUIPO2-150x150.webp 150w, https:\/\/integritybc.org\/wp-content\/uploads\/2024\/08\/EQUIPO2.webp 540w\" sizes=\"(max-width: 300px) 100vw, 300px\" \/><br \/><br \/><img loading=\"lazy\" decoding=\"async\" class=\"alignnone size-medium wp-image-27599\" src=\"http:\/\/integritybc.org\/wp-content\/uploads\/2024\/08\/1-2-300x300.png\" alt=\"\" width=\"300\" height=\"300\" srcset=\"https:\/\/integritybc.org\/wp-content\/uploads\/2024\/08\/1-2-300x300.png 300w, https:\/\/integritybc.org\/wp-content\/uploads\/2024\/08\/1-2-1024x1024.png 1024w, https:\/\/integritybc.org\/wp-content\/uploads\/2024\/08\/1-2-150x150.png 150w, https:\/\/integritybc.org\/wp-content\/uploads\/2024\/08\/1-2-768x768.png 768w, https:\/\/integritybc.org\/wp-content\/uploads\/2024\/08\/1-2.png 1080w\" sizes=\"(max-width: 300px) 100vw, 300px\" \/><img loading=\"lazy\" decoding=\"async\" class=\"alignnone size-medium wp-image-27622\" src=\"http:\/\/integritybc.org\/wp-content\/uploads\/2024\/08\/Chantal-Bouvrot-Europa-300x300.png\" alt=\"\" width=\"300\" height=\"300\" srcset=\"https:\/\/integritybc.org\/wp-content\/uploads\/2024\/08\/Chantal-Bouvrot-Europa-300x300.png 300w, https:\/\/integritybc.org\/wp-content\/uploads\/2024\/08\/Chantal-Bouvrot-Europa-1024x1024.png 1024w, https:\/\/integritybc.org\/wp-content\/uploads\/2024\/08\/Chantal-Bouvrot-Europa-150x150.png 150w, https:\/\/integritybc.org\/wp-content\/uploads\/2024\/08\/Chantal-Bouvrot-Europa-768x768.png 768w, https:\/\/integritybc.org\/wp-content\/uploads\/2024\/08\/Chantal-Bouvrot-Europa.png 1080w\" sizes=\"(max-width: 300px) 100vw, 300px\" \/><br \/><\/span><\/span><\/span><\/span><\/span><\/span><\/span><\/span><\/strong><\/p>\n<\/div>\n<\/div>\n<div class=\"wp-block-columns\"><!-- \/wp:column --><!-- wp:column {\"width\":\"80%\"} -->\n<div class=\"wp-block-column\" style=\"flex-basis: 80%;\"><!-- wp:columns -->\n<div class=\"wp-block-columns\"><!-- wp:column -->\n<div class=\"wp-block-column\"><!-- wp:image {\"id\":27228,\"sizeSlug\":\"full\",\"linkDestination\":\"none\"} -->\n<figure class=\"wp-block-image size-full\"><\/figure>\n<\/div>\n<\/div>\n<\/div>\n<\/div>\n<!-- \/wp:paragraph -->\t\t\t\t\t\t<\/div>\n\t\t\t\t<\/div>\n\t\t\t\t<\/div>\n\t\t\t\t<\/div>\n\t\t","protected":false},"excerpt":{"rendered":"<p>NUESTRO EQUIPO YA TENEMOS PRESENCIA ADEMAS DE USA EN: ARGENTINA, COLOMBIA, ECUADOR, PANAM\u00c1, REP\u00daBLICA DOMINICANA, PER\u00da, EUROPA. \u00a0 \u00a0 . NUESTROS PROPOSITOS \u00a0 ESTABLECER Y DESARROLLAR UN MODELO INNOVADOR, SENCILLO Y FUNCIONAL CON LAS POLITICAS DE ADMINISTRACION Y ALTA GERENCIAL DE LRH, CREANDO ASI EMPRESAS Y EJECUTIVOS EXITOSOS. ENTREGAR LAS HERRAMIENTAS BASICAS PARA QUE CADA &hellip;<\/p>\n<p class=\"read-more\"> <a class=\"\" href=\"https:\/\/integritybc.org\/?page_id=27198\"> <span class=\"screen-reader-text\">Nuestro equipo<\/span> Read More &raquo;<\/a><\/p>\n","protected":false},"author":1,"featured_media":0,"parent":0,"menu_order":0,"comment_status":"closed","ping_status":"closed","template":"","meta":{"advgb_blocks_editor_width":"","advgb_blocks_columns_visual_guide":"","site-sidebar-layout":"default","site-content-layout":"default","ast-global-header-display":"","ast-banner-title-visibility":"","ast-main-header-display":"","ast-hfb-above-header-display":"","ast-hfb-below-header-display":"","ast-hfb-mobile-header-display":"","site-post-title":"disabled","ast-breadcrumbs-content":"","ast-featured-img":"","footer-sml-layout":"","theme-transparent-header-meta":"","adv-header-id-meta":"","stick-header-meta":"","header-above-stick-meta":"","header-main-stick-meta":"","header-below-stick-meta":"","_joinchat":[],"footnotes":""},"class_list":["post-27198","page","type-page","status-publish","hentry"],"aioseo_notices":[],"coauthors":[],"author_meta":{"author_link":"https:\/\/integritybc.org\/?author=1","display_name":"robermayawebs"},"relative_dates":{"created":"Posted 3 years ago","modified":"Updated 2 years ago"},"absolute_dates":{"created":"Posted on May 25, 2023","modified":"Updated on August 7, 2024"},"absolute_dates_time":{"created":"Posted on May 25, 2023 8:04 pm","modified":"Updated on August 7, 2024 12:40 am"},"featured_img_caption":"","featured_img":false,"series_order":"","_links":{"self":[{"href":"https:\/\/integritybc.org\/index.php?rest_route=\/wp\/v2\/pages\/27198","targetHints":{"allow":["GET"]}}],"collection":[{"href":"https:\/\/integritybc.org\/index.php?rest_route=\/wp\/v2\/pages"}],"about":[{"href":"https:\/\/integritybc.org\/index.php?rest_route=\/wp\/v2\/types\/page"}],"author":[{"embeddable":true,"href":"https:\/\/integritybc.org\/index.php?rest_route=\/wp\/v2\/users\/1"}],"replies":[{"embeddable":true,"href":"https:\/\/integritybc.org\/index.php?rest_route=%2Fwp%2Fv2%2Fcomments&post=27198"}],"version-history":[{"count":81,"href":"https:\/\/integritybc.org\/index.php?rest_route=\/wp\/v2\/pages\/27198\/revisions"}],"predecessor-version":[{"id":27668,"href":"https:\/\/integritybc.org\/index.php?rest_route=\/wp\/v2\/pages\/27198\/revisions\/27668"}],"wp:attachment":[{"href":"https:\/\/integritybc.org\/index.php?rest_route=%2Fwp%2Fv2%2Fmedia&parent=27198"}],"curies":[{"name":"wp","href":"https:\/\/api.w.org\/{rel}","templated":true}]}}